{"id":1348,"date":"2024-12-13T15:14:00","date_gmt":"2024-12-13T15:14:00","guid":{"rendered":"https:\/\/staging.pikkerton.ch\/sample-page\/"},"modified":"2025-05-20T08:46:00","modified_gmt":"2025-05-20T08:46:00","slug":"sample-page","status":"publish","type":"page","link":"https:\/\/staging.pikkerton.ch\/fr\/","title":{"rendered":"Page d&rsquo;accueil"},"content":{"rendered":"\n<section class=\"wp-block-group alignfull is-style-default is-layout-constrained wp-block-group-is-layout-constrained\">\n<div class=\"wp-block-group header-headline is-layout-constrained wp-block-group-is-layout-constrained\">\n<h1 class=\"wp-block-heading slide-in-up\">Syst\u00e8mes intelligents de mesure et de surveillance<\/h1>\n<\/div>\n<\/section>\n\n<section class=\"wp-block-group alignfull card is-layout-constrained wp-block-group-is-layout-constrained\">\n<div class=\"wp-block-columns alignwide is-style-default is-layout-flex wp-container-core-columns-is-layout-9d6595d7 wp-block-columns-is-layout-flex\">\n<div class=\"wp-block-column is-style-default slide-in-up is-layout-flow wp-block-column-is-layout-flow\">\n<div class=\"wp-block-group is-vertical is-layout-flex wp-container-core-group-is-layout-68afab4e wp-block-group-is-layout-flex\">\n<div class=\"wp-block-group is-layout-constrained wp-block-group-is-layout-constrained\">\n<h2 class=\"wp-block-heading\">Mesure du d\u00e9bit<\/h2>\n\n\n\n<p>Mesure de d\u00e9bit par ultrasons des flux de liquides et de gaz : traitement de l&rsquo;eau, produits alimentaires, pharmaceutiques, p\u00e9trochimiques, syst\u00e8mes de chauffage et de refroidissement.<\/p>\n<\/div>\n\n\n\n<div class=\"wp-block-buttons is-layout-flex wp-block-buttons-is-layout-flex\">\n<div class=\"wp-block-button is-style-button-underline is-style-button-underline--1\"><a class=\"wp-block-button__link wp-element-button\" href=\"https:\/\/staging.pikkerton.ch\/fr\/mesure-du-debit-par-ultrasons\/\">en savoir plus<\/a><\/div>\n<\/div>\n<\/div>\n<\/div>\n\n\n\n<div class=\"wp-block-column slide-in-up is-layout-flow wp-block-column-is-layout-flow\">\n<div class=\"wp-block-group is-vertical is-layout-flex wp-container-core-group-is-layout-68afab4e wp-block-group-is-layout-flex\">\n<div class=\"wp-block-group is-layout-constrained wp-block-group-is-layout-constrained\">\n<h2 class=\"wp-block-heading\">Mesure de niveau<\/h2>\n\n\n\n<p class=\"has-text-align-left\">Mesure de niveau de poussi\u00e8res, de liquides, de gravats : traitement du bois, moulins, traitement de l&rsquo;eau, produits alimentaires, produits pharmaceutiques, p\u00e9trochimie, traitement du gravier.<\/p>\n<\/div>\n\n\n\n<div class=\"wp-block-buttons is-layout-flex wp-block-buttons-is-layout-flex\">\n<div class=\"wp-block-button is-style-button-underline is-style-button-underline--2\"><a class=\"wp-block-button__link wp-element-button\" href=\"https:\/\/staging.pikkerton.ch\/fr\/mesure-du-niveau\/\">en savoir plus<\/a><\/div>\n<\/div>\n<\/div>\n<\/div>\n\n\n\n<div class=\"wp-block-column slide-in-up is-layout-flow wp-block-column-is-layout-flow\">\n<div class=\"wp-block-group is-vertical is-layout-flex wp-container-core-group-is-layout-68afab4e wp-block-group-is-layout-flex\">\n<div class=\"wp-block-group is-layout-constrained wp-block-group-is-layout-constrained\">\n<h2 class=\"wp-block-heading\">Pr\u00e9vention des incendies<\/h2>\n\n\n\n<p>Mesure et alerte en cas de surchauffe d&rsquo;installations photovolta\u00efques, de tas de foin, d&rsquo;installations de recyclage, de scieries, de traitement de pneus de grande taille et bien plus encore.<\/p>\n<\/div>\n\n\n\n<div class=\"wp-block-buttons is-layout-flex wp-block-buttons-is-layout-flex\">\n<div class=\"wp-block-button is-style-button-underline is-style-button-underline--3\"><a class=\"wp-block-button__link wp-element-button\" href=\"https:\/\/staging.pikkerton.ch\/fr\/prevention-des-incendies\/\">en savoir plus<\/a><\/div>\n<\/div>\n<\/div>\n<\/div>\n<\/div>\n<\/section>\n\n<section class=\"wp-block-group alignfull is-layout-constrained wp-block-group-is-layout-constrained\">\n<div class=\"wp-block-group alignwide is-layout-constrained wp-block-group-is-layout-constrained\">\n<div class=\"wp-block-media-text alignfull has-media-on-the-right is-stacked-on-mobile is-style-default\"><div class=\"wp-block-media-text__content\">\n<h2 class=\"wp-block-heading has-text-align-left is-style-default slide-in-left\">Pr\u00e9cis, fiable et efficace<\/h2>\n\n\n\n<p class=\"slide-in-left \">Les syst\u00e8mes de mesure et de surveillance de pikkerton se caract\u00e9risent par une acquisition extr\u00eamement pr\u00e9cise et une transmission efficace des donn\u00e9es de mesure. Les technologies avanc\u00e9es et \u00e0 faible consommation d&rsquo;\u00e9nergie Narrow Band IoT (NB-IoT) et Longterm Evolution (LTE) permettent une transmission \u00e9conomique et tr\u00e8s fiable des donn\u00e9es des capteurs vers nos plateformes de surveillance. Des composants de haute qualit\u00e9 garantissent une utilisation durable et sans entretien.<\/p>\n<\/div><figure class=\"wp-block-media-text__media\"><img loading=\"lazy\" decoding=\"async\" width=\"676\" height=\"676\" src=\"https:\/\/staging.pikkerton.ch\/wp-content\/uploads\/2025\/02\/pikkerton_dashboard_mobiltelefon.webp\" alt=\"pikkerton-Dashboard auf Mobiltelefon mit Messresultaten einer Ultraschall Messung (F\u00fcllstand).\" class=\"wp-image-511 size-full\" srcset=\"https:\/\/staging.pikkerton.ch\/wp-content\/uploads\/2025\/02\/pikkerton_dashboard_mobiltelefon.webp 676w, https:\/\/staging.pikkerton.ch\/wp-content\/uploads\/2025\/02\/pikkerton_dashboard_mobiltelefon-300x300.webp 300w, https:\/\/staging.pikkerton.ch\/wp-content\/uploads\/2025\/02\/pikkerton_dashboard_mobiltelefon-150x150.webp 150w\" sizes=\"auto, (max-width: 676px) 100vw, 676px\" \/><\/figure><\/div>\n<\/div>\n<\/section>\n\n<section class=\"wp-block-group alignfull is-layout-constrained wp-block-group-is-layout-constrained\">\n<div class=\"wp-block-group alignwide is-layout-constrained wp-block-group-is-layout-constrained\">\n<div class=\"wp-block-media-text alignfull is-stacked-on-mobile\"><figure class=\"wp-block-media-text__media\"><img loading=\"lazy\" decoding=\"async\" width=\"676\" height=\"676\" src=\"https:\/\/staging.pikkerton.ch\/wp-content\/uploads\/2025\/02\/pikkerton_messung_milchverarbeitung.webp\" alt=\"Milch-Silos Z\u00fcger Frischk\u00e4se\" class=\"wp-image-513 size-full\" srcset=\"https:\/\/staging.pikkerton.ch\/wp-content\/uploads\/2025\/02\/pikkerton_messung_milchverarbeitung.webp 676w, https:\/\/staging.pikkerton.ch\/wp-content\/uploads\/2025\/02\/pikkerton_messung_milchverarbeitung-300x300.webp 300w, https:\/\/staging.pikkerton.ch\/wp-content\/uploads\/2025\/02\/pikkerton_messung_milchverarbeitung-150x150.webp 150w\" sizes=\"auto, (max-width: 676px) 100vw, 676px\" \/><\/figure><div class=\"wp-block-media-text__content\">\n<h2 class=\"wp-block-heading is-style-default slide-in-right\"><strong>O\u00f9 devons-nous surveiller, informer et alerter pour vous ?<\/strong><\/h2>\n\n\n\n<p class=\"is-style-default slide-in-right\">Nos syst\u00e8mes de mesure et de surveillance sont utilis\u00e9s dans divers domaines d&rsquo;application : dans les fermes et les propri\u00e9t\u00e9s, dans les usines d&rsquo;eau potable et d&rsquo;eaux us\u00e9es, dans la production alimentaire, dans les entreprises pharmaceutiques et chimiques, dans les entreprises de traitement du bois et du gravier et dans diverses autres applications.<\/p>\n\n\n\n<p class=\"is-style-default slide-in-right\"><strong>Vous souhaitez mesurer et surveiller vos installations de mani\u00e8re intelligente ? Alors contactez-nous. <\/strong><\/p>\n\n\n\n<div class=\"wp-block-buttons slide-in-up is-layout-flex wp-block-buttons-is-layout-flex\">\n<div class=\"wp-block-button\"><a class=\"wp-block-button__link wp-element-button\" href=\"tel:+41416624917\">+41 41 662 49 17<\/a><\/div>\n\n\n\n<div class=\"wp-block-button\"><a class=\"wp-block-button__link wp-element-button\" href=\"mailtoinfo@pikkerton.ch\">info@pikkerton.ch<\/a><\/div>\n<\/div>\n<\/div><\/div>\n<\/div>\n<\/section>\n\n<section class=\"wp-block-group alignfull card is-layout-constrained wp-block-group-is-layout-constrained\">\n<div class=\"wp-block-columns is-style-card-big is-layout-flex wp-container-core-columns-is-layout-9d6595d7 wp-block-columns-is-layout-flex is-style-card-big--4\">\n<div class=\"wp-block-column is-style-default slide-in-up is-layout-flow wp-block-column-is-layout-flow\">\n<h2 class=\"wp-block-heading has-text-align-center\">Des technologies modernes et \u00e9prouv\u00e9es<\/h2>\n\n\n\n<p class=\"has-text-align-center\">Les syst\u00e8mes de mesure et de surveillance pikkerton sont con\u00e7us et fabriqu\u00e9s dans l&rsquo;UE et en Suisse et sont bas\u00e9s sur des technologies modernes et \u00e9prouv\u00e9es : ultrasons, imagerie thermique, laser, radar, NB-IoT (Narrow Band Internet Of Things), IO-Link (technologie de communication des capteurs), 4-20 mA, Modbus, M-Bus<\/p>\n\n\n\n<div class=\"wp-block-buttons alignfull is-layout-flex wp-block-buttons-is-layout-flex\">\n<div class=\"wp-block-button center is-style-button-ghost is-style-button-ghost--5\"><a class=\"wp-block-button__link has-text-align-left wp-element-button\" href=\"https:\/\/staging.pikkerton.ch\/fr\/technologies-des-capteurs-et-de-la-communication\/\">en savoir plus<\/a><\/div>\n<\/div>\n<\/div>\n<\/div>\n<\/section>\n\n<section class=\"wp-block-group alignfull is-layout-constrained wp-block-group-is-layout-constrained\">\n<div class=\"wp-block-group alignwide is-layout-constrained wp-block-group-is-layout-constrained\">\n<div class=\"wp-block-media-text alignfull is-stacked-on-mobile\"><figure class=\"wp-block-media-text__media\"><img loading=\"lazy\" decoding=\"async\" width=\"676\" height=\"676\" src=\"https:\/\/staging.pikkerton.ch\/wp-content\/uploads\/2025\/02\/pikkerton_heustock_messsonde.webp\" alt=\"Bauer misst Heustocktemperatur und \u00fcberpr\u00fcft die Daten auf Dashboard\" class=\"wp-image-736 size-full\" srcset=\"https:\/\/staging.pikkerton.ch\/wp-content\/uploads\/2025\/02\/pikkerton_heustock_messsonde.webp 676w, https:\/\/staging.pikkerton.ch\/wp-content\/uploads\/2025\/02\/pikkerton_heustock_messsonde-300x300.webp 300w, https:\/\/staging.pikkerton.ch\/wp-content\/uploads\/2025\/02\/pikkerton_heustock_messsonde-150x150.webp 150w\" sizes=\"auto, (max-width: 676px) 100vw, 676px\" \/><\/figure><div class=\"wp-block-media-text__content\">\n<h2 class=\"wp-block-heading has-text-align-left slide-in-right\">Une innovation pour les agriculteurs : une sonde \u00e0 foin pour une pr\u00e9vention active des incendies et des \u00e9conomies d&rsquo;\u00e9nergie<\/h2>\n\n\n\n<p class=\"is-style-paragraph-medium slide-in-right is-style-paragraph-medium--6\">Ce syst\u00e8me sophistiqu\u00e9 mesure la temp\u00e9rature et l&rsquo;humidit\u00e9 et compare l&rsquo;humidit\u00e9 interne et externe, absolue et relative. Cela permet de r\u00e9duire la ventilation, tr\u00e8s \u00e9nergivore, et d&rsquo;\u00e9conomiser jusqu&rsquo;\u00e0 30 % d&rsquo;\u00e9nergie.<\/p>\n\n\n\n<div class=\"wp-block-buttons slide-in-up is-layout-flex wp-block-buttons-is-layout-flex\">\n<div class=\"wp-block-button\"><a class=\"wp-block-button__link wp-element-button\" href=\"https:\/\/staging.pikkerton.ch\/fr\/prevention-des-incendies\/heustocksonde-haystack-4-nb\/\">En savoir plus<\/a><\/div>\n<\/div>\n<\/div><\/div>\n<\/div>\n<\/section>\n\n<section class=\"wp-block-group alignfull kundenlogos slide-in-up is-layout-constrained wp-block-group-is-layout-constrained\">\n<div class=\"wp-block-group is-layout-constrained wp-block-group-is-layout-constrained\">\n<h2 class=\"wp-block-heading has-text-align-center\">Les syst\u00e8mes pikkerton en action<\/h2>\n\n\n\n<figure class=\"wp-block-gallery aligncenter has-nested-images columns-default wp-block-gallery-7 is-layout-flex wp-block-gallery-is-layout-flex\">\n<figure class=\"wp-block-image size-full\"><img loading=\"lazy\" decoding=\"async\" width=\"260\" height=\"100\" data-id=\"520\" src=\"https:\/\/staging.pikkerton.ch\/wp-content\/uploads\/2025\/02\/strueby_holzbau.webp\" alt=\"\" class=\"wp-image-520\"\/><\/figure>\n\n\n\n<figure class=\"wp-block-image size-full\"><img loading=\"lazy\" decoding=\"async\" width=\"260\" height=\"100\" data-id=\"516\" src=\"https:\/\/staging.pikkerton.ch\/wp-content\/uploads\/2025\/02\/energie_wasserwerke_luzern.webp\" alt=\"\" class=\"wp-image-516\"\/><\/figure>\n\n\n\n<figure class=\"wp-block-image size-full\"><img loading=\"lazy\" decoding=\"async\" width=\"260\" height=\"100\" data-id=\"517\" src=\"https:\/\/staging.pikkerton.ch\/wp-content\/uploads\/2025\/02\/interspan_tschopp.webp\" alt=\"\" class=\"wp-image-517\"\/><\/figure>\n\n\n\n<figure class=\"wp-block-image size-full\"><img loading=\"lazy\" decoding=\"async\" width=\"260\" height=\"100\" data-id=\"518\" src=\"https:\/\/staging.pikkerton.ch\/wp-content\/uploads\/2025\/02\/kernkraftwerk_goesgen.webp\" alt=\"\" class=\"wp-image-518\"\/><\/figure>\n\n\n\n<figure class=\"wp-block-image size-full\"><img loading=\"lazy\" decoding=\"async\" width=\"260\" height=\"100\" data-id=\"1145\" src=\"https:\/\/staging.pikkerton.ch\/wp-content\/uploads\/2025\/04\/lignocalor.webp\" alt=\"\" class=\"wp-image-1145\"\/><\/figure>\n\n\n\n<figure class=\"wp-block-image size-full\"><img loading=\"lazy\" decoding=\"async\" width=\"260\" height=\"100\" data-id=\"1275\" src=\"https:\/\/staging.pikkerton.ch\/wp-content\/uploads\/2025\/04\/bestdrive.webp\" alt=\"BestDrive by Continental\" class=\"wp-image-1275\"\/><\/figure>\n<\/figure>\n<\/div>\n<\/section>\n","protected":false},"excerpt":{"rendered":"<p>Syst\u00e8mes intelligents de mesure et de surveillance Mesure du d\u00e9bit Mesure de d\u00e9bit par ultrasons des flux de liquides et de gaz : traitement de l&rsquo;eau, produits alimentaires, pharmaceutiques, p\u00e9trochimiques, syst\u00e8mes de chauffage et de refroidissement. Mesure de niveau Mesure de niveau de poussi\u00e8res, de liquides, de gravats : traitement du bois, moulins, traitement de [&hellip;]<\/p>\n","protected":false},"author":1,"featured_media":0,"parent":0,"menu_order":1,"comment_status":"closed","ping_status":"open","template":"","meta":{"_acf_changed":false,"footnotes":""},"class_list":["post-1348","page","type-page","status-publish","hentry"],"acf":{"seo-indexing-option":true,"seo-og-title":"Syst\u00e8mes intelligents pour les mesures et la surveillance","seo-meta-description":"Mesure du d\u00e9bit par ultrasons de liquides et de gaz. Mesures de poussi\u00e8re, recyclage, liquides, gravier. Alarme en cas de d\u00e9passement des valeurs limites.","seo-og-image":""},"_links":{"self":[{"href":"https:\/\/staging.pikkerton.ch\/fr\/wp-json\/wp\/v2\/pages\/1348","targetHints":{"allow":["GET"]}}],"collection":[{"href":"https:\/\/staging.pikkerton.ch\/fr\/wp-json\/wp\/v2\/pages"}],"about":[{"href":"https:\/\/staging.pikkerton.ch\/fr\/wp-json\/wp\/v2\/types\/page"}],"author":[{"embeddable":true,"href":"https:\/\/staging.pikkerton.ch\/fr\/wp-json\/wp\/v2\/users\/1"}],"replies":[{"embeddable":true,"href":"https:\/\/staging.pikkerton.ch\/fr\/wp-json\/wp\/v2\/comments?post=1348"}],"version-history":[{"count":13,"href":"https:\/\/staging.pikkerton.ch\/fr\/wp-json\/wp\/v2\/pages\/1348\/revisions"}],"predecessor-version":[{"id":1572,"href":"https:\/\/staging.pikkerton.ch\/fr\/wp-json\/wp\/v2\/pages\/1348\/revisions\/1572"}],"wp:attachment":[{"href":"https:\/\/staging.pikkerton.ch\/fr\/wp-json\/wp\/v2\/media?parent=1348"}],"curies":[{"name":"wp","href":"https:\/\/api.w.org\/{rel}","templated":true}]}}