{"id":1349,"date":"2025-01-20T08:54:30","date_gmt":"2025-01-20T08:54:30","guid":{"rendered":"https:\/\/staging.pikkerton.ch\/durchflussmessung\/"},"modified":"2025-05-20T08:53:33","modified_gmt":"2025-05-20T08:53:33","slug":"mesure-du-debit-par-ultrasons","status":"publish","type":"page","link":"https:\/\/staging.pikkerton.ch\/fr\/mesure-du-debit-par-ultrasons\/","title":{"rendered":"Mesure du d\u00e9bit par ultrasons"},"content":{"rendered":"\n<section class=\"wp-block-group alignfull is-layout-constrained wp-block-group-is-layout-constrained\">\n<div class=\"wp-block-group header-headline is-layout-constrained wp-block-group-is-layout-constrained\">\n<h1 class=\"wp-block-heading slide-in-up\">Mesures de d\u00e9bit par ultrasons non invasives<\/h1>\n<\/div>\n<\/section>\n\n\n\n<section class=\"wp-block-group alignfull is-layout-constrained wp-block-group-is-layout-constrained\">\n<div class=\"wp-block-group alignwide is-layout-constrained wp-block-group-is-layout-constrained\">\n<div class=\"wp-block-media-text alignfull has-media-on-the-right is-stacked-on-mobile\"><div class=\"wp-block-media-text__content\">\n<h2 class=\"wp-block-heading has-text-align-left slide-in-left\">Mesure et surveillance des liquides et des gaz<\/h2>\n\n\n\n<ul class=\"wp-block-list slide-in-left\">\n<li>Eau potable<\/li>\n\n\n\n<li>Eaux us\u00e9es<\/li>\n\n\n\n<li>Alimentation<\/li>\n\n\n\n<li>Pharmacie<\/li>\n\n\n\n<li>P\u00e9trochimie<\/li>\n\n\n\n<li class=\"is-style-default\">Chauffage et ventilation<br><br><\/li>\n<\/ul>\n<\/div><figure class=\"wp-block-media-text__media\"><img loading=\"lazy\" decoding=\"async\" width=\"676\" height=\"676\" src=\"https:\/\/staging.pikkerton.ch\/wp-content\/uploads\/2025\/02\/pikkerton_ultraschall_durchflussmessung.webp\" alt=\"Mesure du d\u00e9bit par ultrasons dans une station d'eau potable chez ewl Lucerne.\" class=\"wp-image-730 size-full\" srcset=\"https:\/\/staging.pikkerton.ch\/wp-content\/uploads\/2025\/02\/pikkerton_ultraschall_durchflussmessung.webp 676w, https:\/\/staging.pikkerton.ch\/wp-content\/uploads\/2025\/02\/pikkerton_ultraschall_durchflussmessung-300x300.webp 300w, https:\/\/staging.pikkerton.ch\/wp-content\/uploads\/2025\/02\/pikkerton_ultraschall_durchflussmessung-150x150.webp 150w\" sizes=\"auto, (max-width: 676px) 100vw, 676px\" \/><\/figure><\/div>\n<\/div>\n<\/section>\n\n\n\n<section class=\"wp-block-group alignfull card is-layout-constrained wp-block-group-is-layout-constrained\">\n<div class=\"wp-block-columns is-style-card-big is-layout-flex wp-container-core-columns-is-layout-9d6595d7 wp-block-columns-is-layout-flex is-style-card-big--1\">\n<div class=\"wp-block-column is-style-default slide-in-up is-layout-flow wp-block-column-is-layout-flow\">\n<h2 class=\"wp-block-heading has-text-align-center\">Mesures ultrasoniques non invasives pour une gestion \u00e9conomique optimis\u00e9e<\/h2>\n\n\n\n<p class=\"has-text-align-center\">Nos syst\u00e8mes de mesure de d\u00e9bit par ultrasons sont non invasifs (aucune modification de l&rsquo;installation) et peuvent \u00eatre install\u00e9s sans interruption de la production. Ils sont exempts d&rsquo;usure et d&rsquo;entretien, car ils ne comportent aucune pi\u00e8ce mobile, et peuvent \u00eatre facilement connect\u00e9s aux syst\u00e8mes de contr\u00f4le du client.<\/p>\n<\/div>\n<\/div>\n<\/section>\n\n\n\n<section class=\"wp-block-group alignfull is-layout-constrained wp-block-group-is-layout-constrained\">\n<div class=\"wp-block-group alignwide is-layout-constrained wp-block-group-is-layout-constrained\">\n<div class=\"wp-block-media-text alignfull is-stacked-on-mobile\"><figure class=\"wp-block-media-text__media\"><img loading=\"lazy\" decoding=\"async\" width=\"676\" height=\"676\" src=\"https:\/\/staging.pikkerton.ch\/wp-content\/uploads\/2025\/02\/pikkerton_display_ultraschall_durchflussmessung.webp\" alt=\"Panneau de commande pikkerton - Mesure du d\u00e9bit\" class=\"wp-image-770 size-full\" srcset=\"https:\/\/staging.pikkerton.ch\/wp-content\/uploads\/2025\/02\/pikkerton_display_ultraschall_durchflussmessung.webp 676w, https:\/\/staging.pikkerton.ch\/wp-content\/uploads\/2025\/02\/pikkerton_display_ultraschall_durchflussmessung-300x300.webp 300w, https:\/\/staging.pikkerton.ch\/wp-content\/uploads\/2025\/02\/pikkerton_display_ultraschall_durchflussmessung-150x150.webp 150w\" sizes=\"auto, (max-width: 676px) 100vw, 676px\" \/><\/figure><div class=\"wp-block-media-text__content\">\n<h2 class=\"wp-block-heading has-text-align-left slide-in-right\">Donn\u00e9es en temps r\u00e9el directement sur le syst\u00e8me de contr\u00f4le ou le t\u00e9l\u00e9phone portable<\/h2>\n\n\n\n<p class=\"is-style-paragraph-medium slide-in-right is-style-paragraph-medium--2\" id=\"slide-in-right\">Vous souhaitez \u00e9galement avoir un aper\u00e7u des fonctions de vos installations ? Contactez-nous.<\/p>\n\n\n\n<div class=\"wp-block-buttons slide-in-up is-layout-flex wp-block-buttons-is-layout-flex\">\n<div class=\"wp-block-button is-style-default\"><a class=\"wp-block-button__link wp-element-button\" href=\"tel:\u200b+41416624917\">\u200b+41 41 662 49 17<\/a><\/div>\n\n\n\n<div class=\"wp-block-button\"><a class=\"wp-block-button__link wp-element-button\" href=\"mailtoinfo@pikkerton.ch\">info@pikkerton.ch<\/a><\/div>\n<\/div>\n<\/div><\/div>\n<\/div>\n<\/section>\n\n\n\n<section class=\"wp-block-group alignfull is-layout-constrained wp-block-group-is-layout-constrained\">\n<div class=\"wp-block-group is-layout-constrained wp-block-group-is-layout-constrained\">\n<h2 class=\"wp-block-heading slide-in-left\">Nous mesurons et contr\u00f4lons<\/h2>\n\n\n\n<details class=\"wp-block-details is-style-default slide-in-right is-layout-flow wp-block-details-is-layout-flow\"><summary>Flux de fluides<\/summary>\n<p>Nous utilisons des ultrasons pour mesurer la vitesse du fluide, en avant et en arri\u00e8re. La quantit\u00e9 et la puissance sont calcul\u00e9es et affich\u00e9es \u00e0 partir des donn\u00e9es de diam\u00e8tre. Nos syst\u00e8mes effectuent des mesures entre 10 mm et 6 000 mm (6 m). Si les temp\u00e9ratures entre l&rsquo;aller et le retour sont connues, l&rsquo;\u00e9nergie convertie peut \u00e9galement \u00eatre mesur\u00e9e de mani\u00e8re pr\u00e9cise et fiable.<\/p>\n<\/details>\n\n\n\n<details class=\"wp-block-details slide-in-right is-layout-flow wp-block-details-is-layout-flow\"><summary>Flux de gaz<\/summary>\n<p>De nouveaux capteurs \u00e0 ultrasons \u00e0 large bande permettent de mesurer le d\u00e9bit de diff\u00e9rents gaz tels que le gaz naturel, l&rsquo;air, l&rsquo;oxyg\u00e8ne, le dioxyde de carbone, l&rsquo;azote, etc.<\/p>\n<\/details>\n<\/div>\n<\/section>\n\n\n\n<section class=\"wp-block-group alignfull is-layout-constrained wp-block-group-is-layout-constrained\">\n<div class=\"wp-block-group alignwide is-layout-constrained wp-block-group-is-layout-constrained\">\n<div class=\"wp-block-media-text alignfull has-media-on-the-right is-stacked-on-mobile\"><div class=\"wp-block-media-text__content\">\n<h2 class=\"wp-block-heading has-text-align-left slide-in-left\">C&rsquo;est pourquoi nos syst\u00e8mes de mesure de d\u00e9bit par ultrasons sont int\u00e9ressants<\/h2>\n\n\n\n<ul class=\"wp-block-list slide-in-left\">\n<li>Installation sans interruption de la production<\/li>\n\n\n\n<li>Non invasif (aucune modification de l&rsquo;installation)<\/li>\n\n\n\n<li>Temps d&rsquo;installation court<\/li>\n\n\n\n<li>Sans entretien<\/li>\n\n\n\n<li>Sans perte de pression<\/li>\n\n\n\n<li>Hygi\u00e9nique<\/li>\n\n\n\n<li>Connexion au syst\u00e8me de guidage<\/li>\n\n\n\n<li>Surveillance sur t\u00e9l\u00e9phone portable, ordinateur portable, tablette, etc.<\/li>\n<\/ul>\n<\/div><figure class=\"wp-block-media-text__media\"><img loading=\"lazy\" decoding=\"async\" width=\"676\" height=\"676\" src=\"https:\/\/staging.pikkerton.ch\/wp-content\/uploads\/2025\/02\/pikkerton_ewl.webp\" alt=\"Un employ\u00e9 de ewl Lucerne dans la station d'\u00e9puration v\u00e9rifie le d\u00e9bit\" class=\"wp-image-776 size-full\" srcset=\"https:\/\/staging.pikkerton.ch\/wp-content\/uploads\/2025\/02\/pikkerton_ewl.webp 676w, https:\/\/staging.pikkerton.ch\/wp-content\/uploads\/2025\/02\/pikkerton_ewl-300x300.webp 300w, https:\/\/staging.pikkerton.ch\/wp-content\/uploads\/2025\/02\/pikkerton_ewl-150x150.webp 150w\" sizes=\"auto, (max-width: 676px) 100vw, 676px\" \/><\/figure><\/div>\n<\/div>\n<\/section>\n\n\n\n<section class=\"wp-block-group alignfull card is-layout-constrained wp-block-group-is-layout-constrained\">\n<div class=\"wp-block-columns is-style-card-big is-layout-flex wp-container-core-columns-is-layout-9d6595d7 wp-block-columns-is-layout-flex is-style-card-big--3\">\n<div class=\"wp-block-column is-style-default slide-in-up is-layout-flow wp-block-column-is-layout-flow\">\n<h2 class=\"wp-block-heading has-text-align-center\">Technologies modernes de capteurs et de communication<\/h2>\n\n\n\n<p class=\"has-text-align-center\">Nos syst\u00e8mes reposent sur des technologies NB-IoT modernes et des solutions de capteurs dot\u00e9s d&rsquo;interfaces standard et peuvent \u00eatre facilement connect\u00e9s aux syst\u00e8mes de contr\u00f4le existants.<\/p>\n\n\n\n<div class=\"wp-block-buttons is-layout-flex wp-block-buttons-is-layout-flex\">\n<div class=\"wp-block-button is-style-button-ghost is-style-button-ghost--4\"><a class=\"wp-block-button__link has-text-align-left wp-element-button\" href=\"https:\/\/staging.pikkerton.ch\/fr\/technologies-des-capteurs-et-de-la-communication\/\">Les technologies<\/a><\/div>\n<\/div>\n<\/div>\n<\/div>\n<\/section>\n\n\n\n<section class=\"wp-block-group alignfull is-layout-constrained wp-block-group-is-layout-constrained\">\n<div class=\"wp-block-group is-layout-constrained wp-block-group-is-layout-constrained\">\n<h2 class=\"wp-block-heading slide-in-left\">R\u00e9f\u00e9rences<\/h2>\n\n\n\n<details class=\"wp-block-details slide-in-right is-layout-flow wp-block-details-is-layout-flow\"><summary>ewl Energie Wasser Lucerne<\/summary>\n<p>\u00c0 la station de pompage \u00ab Salzfass \u00bb, l&rsquo;eau du lac des Quatre-Cantons est pomp\u00e9e \u00e0 100 m plus haut vers l&rsquo;usine hydraulique et le r\u00e9servoir Kreuzbuch. La mesure innovante du d\u00e9bit par ultrasons de pikkerton est utilis\u00e9e pour mesurer la puissance et le d\u00e9bit. Les donn\u00e9es sont transmises directement du syst\u00e8me de mesure par ultrasons au syst\u00e8me de contr\u00f4le de l&rsquo;ewl.<\/p>\n<\/details>\n\n\n\n<details class=\"wp-block-details slide-in-right is-layout-flow wp-block-details-is-layout-flow\"><summary>Z\u00fcger Frischk\u00e4se AG<\/summary>\n<p>Pour mesurer les d\u00e9bits, Z\u00fcger Frischk\u00e4se utilise une installation mobile avec mesure de d\u00e9bit par ultrasons de pikkerton. Les donn\u00e9es mesur\u00e9es sont transmises directement et de mani\u00e8re fiable au syst\u00e8me de contr\u00f4le et aux t\u00e9l\u00e9phones mobiles via une interface 4-20 mA de la plateforme de donn\u00e9es pikkerton.<\/p>\n<\/details>\n\n\n\n<details class=\"wp-block-details slide-in-right is-layout-flow wp-block-details-is-layout-flow\"><summary>Str\u00fcby Konzept AG<\/summary>\n<p>Les mesures \u00e9nerg\u00e9tiques sur les installations de chauffage sont indispensables lorsque de nouveaux halls de production sont raccord\u00e9s \u00e0 des syst\u00e8mes de chauffage existants. Chez Str\u00fcby Konzept AG, notre d\u00e9bitm\u00e8tre \u00e0 ultrasons est utilis\u00e9 dans deux circuits de chauffage. Il fournit les donn\u00e9es de mesure n\u00e9cessaires \u00e0 une interaction optimale entre les deux syst\u00e8mes. Les donn\u00e9es sont transmises en ligne via LTE et affich\u00e9es sur un tableau de bord, o\u00f9 d&rsquo;autres donn\u00e9es de mesure pertinentes sont \u00e9galement affich\u00e9es sur la m\u00eame plateforme.<\/p>\n<\/details>\n<\/div>\n<\/section>\n\n\n\n<p><\/p>\n","protected":false},"excerpt":{"rendered":"<p>Mesures de d\u00e9bit par ultrasons non invasives Mesure et surveillance des liquides et des gaz Mesures ultrasoniques non invasives pour une gestion \u00e9conomique optimis\u00e9e Nos syst\u00e8mes de mesure de d\u00e9bit par ultrasons sont non invasifs (aucune modification de l&rsquo;installation) et peuvent \u00eatre install\u00e9s sans interruption de la production. Ils sont exempts d&rsquo;usure et d&rsquo;entretien, car [&hellip;]<\/p>\n","protected":false},"author":1,"featured_media":0,"parent":0,"menu_order":3,"comment_status":"closed","ping_status":"closed","template":"","meta":{"_acf_changed":false,"footnotes":""},"class_list":["post-1349","page","type-page","status-publish","hentry"],"acf":{"seo-indexing-option":true,"seo-og-title":"Mesures non invasives du d\u00e9bit par ultrasons","seo-meta-description":"Mesure et surveillance des liquides et des gaz. Nos syst\u00e8mes de mesure de d\u00e9bit \u00e0 ultrasons sont non invasifs et ne perturbent pas la production.","seo-og-image":""},"_links":{"self":[{"href":"https:\/\/staging.pikkerton.ch\/fr\/wp-json\/wp\/v2\/pages\/1349","targetHints":{"allow":["GET"]}}],"collection":[{"href":"https:\/\/staging.pikkerton.ch\/fr\/wp-json\/wp\/v2\/pages"}],"about":[{"href":"https:\/\/staging.pikkerton.ch\/fr\/wp-json\/wp\/v2\/types\/page"}],"author":[{"embeddable":true,"href":"https:\/\/staging.pikkerton.ch\/fr\/wp-json\/wp\/v2\/users\/1"}],"replies":[{"embeddable":true,"href":"https:\/\/staging.pikkerton.ch\/fr\/wp-json\/wp\/v2\/comments?post=1349"}],"version-history":[{"count":20,"href":"https:\/\/staging.pikkerton.ch\/fr\/wp-json\/wp\/v2\/pages\/1349\/revisions"}],"predecessor-version":[{"id":1581,"href":"https:\/\/staging.pikkerton.ch\/fr\/wp-json\/wp\/v2\/pages\/1349\/revisions\/1581"}],"wp:attachment":[{"href":"https:\/\/staging.pikkerton.ch\/fr\/wp-json\/wp\/v2\/media?parent=1349"}],"curies":[{"name":"wp","href":"https:\/\/api.w.org\/{rel}","templated":true}]}}