{"id":1351,"date":"2025-01-20T08:54:38","date_gmt":"2025-01-20T08:54:38","guid":{"rendered":"https:\/\/staging.pikkerton.ch\/niveaumessung\/"},"modified":"2025-05-20T09:05:50","modified_gmt":"2025-05-20T09:05:50","slug":"mesure-du-niveau","status":"publish","type":"page","link":"https:\/\/staging.pikkerton.ch\/fr\/mesure-du-niveau\/","title":{"rendered":"Mesure du niveau"},"content":{"rendered":"\n<section class=\"wp-block-group alignfull is-layout-constrained wp-block-group-is-layout-constrained\">\n<div class=\"wp-block-group header-headline is-layout-constrained wp-block-group-is-layout-constrained\">\n<h1 class=\"wp-block-heading slide-in-up\">Mesures pr\u00e9cises et fiables du niveau et du remplissage<\/h1>\n<\/div>\n<\/section>\n\n\n\n<section class=\"wp-block-group alignfull is-layout-constrained wp-block-group-is-layout-constrained\">\n<div class=\"wp-block-group alignwide is-layout-constrained wp-block-group-is-layout-constrained\">\n<div class=\"wp-block-media-text alignfull has-media-on-the-right is-stacked-on-mobile\"><div class=\"wp-block-media-text__content\">\n<h2 class=\"wp-block-heading has-text-align-left slide-in-left\">Mesure et surveillance des niveaux de remplissage<\/h2>\n\n\n\n<ul class=\"wp-block-list slide-in-left\">\n<li>Sciure et copeaux de bois<\/li>\n\n\n\n<li>C\u00e9r\u00e9ales<\/li>\n\n\n\n<li>Aliments pour animaux<\/li>\n\n\n\n<li>Denr\u00e9es alimentaires<\/li>\n\n\n\n<li>Produits pharmaceutiques<\/li>\n\n\n\n<li>P\u00e9trochimie<\/li>\n\n\n\n<li>Gravier et pierre<\/li>\n<\/ul>\n<\/div><figure class=\"wp-block-media-text__media\"><img loading=\"lazy\" decoding=\"async\" width=\"676\" height=\"676\" src=\"https:\/\/staging.pikkerton.ch\/wp-content\/uploads\/2025\/02\/pikkerton_niveaumessung_saegemehl.webp\" alt=\"Remplissage de semi-remorques ferm\u00e9es (95 m3) avec de la poussi\u00e8re et des copeaux de bois dans un environnement difficile.\" class=\"wp-image-788 size-full\" srcset=\"https:\/\/staging.pikkerton.ch\/wp-content\/uploads\/2025\/02\/pikkerton_niveaumessung_saegemehl.webp 676w, https:\/\/staging.pikkerton.ch\/wp-content\/uploads\/2025\/02\/pikkerton_niveaumessung_saegemehl-300x300.webp 300w, https:\/\/staging.pikkerton.ch\/wp-content\/uploads\/2025\/02\/pikkerton_niveaumessung_saegemehl-150x150.webp 150w\" sizes=\"auto, (max-width: 676px) 100vw, 676px\" \/><\/figure><\/div>\n<\/div>\n<\/section>\n\n\n\n<section class=\"wp-block-group alignfull card is-layout-constrained wp-block-group-is-layout-constrained\">\n<div class=\"wp-block-columns is-style-card-big is-layout-flex wp-container-core-columns-is-layout-9d6595d7 wp-block-columns-is-layout-flex is-style-card-big--1\">\n<div class=\"wp-block-column is-style-default slide-in-up is-layout-flow wp-block-column-is-layout-flow\">\n<h2 class=\"wp-block-heading has-text-align-center\">Mesures dans des conditions difficiles, en pr\u00e9sence de poussi\u00e8re et de d\u00e9bris<\/h2>\n\n\n\n<p class=\"has-text-align-center\">Notre longue exp\u00e9rience et notre vaste savoir-faire, associ\u00e9s \u00e0 des technologies \u00e9prouv\u00e9es telles que NB-IoT, LTE et Bluetooth, permettent \u00e9galement d&rsquo;effectuer des mesures dans des situations o\u00f9 aucune donn\u00e9e ne peut normalement \u00eatre collect\u00e9e.<\/p>\n<\/div>\n<\/div>\n<\/section>\n\n\n\n<section class=\"wp-block-group alignfull is-layout-constrained wp-block-group-is-layout-constrained\">\n<div class=\"wp-block-group alignwide is-layout-constrained wp-block-group-is-layout-constrained\">\n<div class=\"wp-block-media-text alignfull is-stacked-on-mobile\"><figure class=\"wp-block-media-text__media\"><img loading=\"lazy\" decoding=\"async\" width=\"676\" height=\"676\" src=\"https:\/\/staging.pikkerton.ch\/wp-content\/uploads\/2025\/02\/pikkerton_dashboard_niveaumessung.webp\" alt=\"Les valeurs mesur\u00e9es par ultrasons sont analys\u00e9es et affich\u00e9es clairement sur un ordinateur de bureau, une tablette ou un smartphone.\" class=\"wp-image-790 size-full\" srcset=\"https:\/\/staging.pikkerton.ch\/wp-content\/uploads\/2025\/02\/pikkerton_dashboard_niveaumessung.webp 676w, https:\/\/staging.pikkerton.ch\/wp-content\/uploads\/2025\/02\/pikkerton_dashboard_niveaumessung-300x300.webp 300w, https:\/\/staging.pikkerton.ch\/wp-content\/uploads\/2025\/02\/pikkerton_dashboard_niveaumessung-150x150.webp 150w\" sizes=\"auto, (max-width: 676px) 100vw, 676px\" \/><\/figure><div class=\"wp-block-media-text__content\">\n<h2 class=\"wp-block-heading has-text-align-left slide-in-right\">Donn\u00e9es en temps r\u00e9el directement sur le syst\u00e8me de contr\u00f4le ou le t\u00e9l\u00e9phone portable<\/h2>\n\n\n\n<p class=\"is-style-paragraph-medium slide-in-right is-style-paragraph-medium--2\">Vous souhaitez \u00e9galement avoir un aper\u00e7u des fonctions de vos installations ? Contactez-nous.<\/p>\n\n\n\n<div class=\"wp-block-buttons slide-in-up is-layout-flex wp-block-buttons-is-layout-flex\">\n<div class=\"wp-block-button is-style-default\"><a class=\"wp-block-button__link wp-element-button\" href=\"tel:\u200b+41416624917\">\u200b+41 41 662 49 17<\/a><\/div>\n\n\n\n<div class=\"wp-block-button\"><a class=\"wp-block-button__link wp-element-button\" href=\"mailtoinfo@pikkerton.ch\">info@pikkerton.ch<\/a><\/div>\n<\/div>\n<\/div><\/div>\n<\/div>\n<\/section>\n\n\n\n<section class=\"wp-block-group alignfull is-layout-constrained wp-block-group-is-layout-constrained\">\n<div class=\"wp-block-group is-layout-constrained wp-block-group-is-layout-constrained\">\n<h2 class=\"wp-block-heading slide-in-left\">Nous mesurons et contr\u00f4lons les niveaux de remplissage<\/h2>\n\n\n\n<details class=\"wp-block-details is-style-default slide-in-right is-layout-flow wp-block-details-is-layout-flow\"><summary>Poussi\u00e8re<\/summary>\n<p>Dans les environnements poussi\u00e9reux, il est pratiquement impossible d&rsquo;effectuer des mesures, car les capteurs standard s&rsquo;encrassent rapidement et fournissent des donn\u00e9es erron\u00e9es. Les capteurs \u00e0 ultrasons avec surfaces anti-poussi\u00e8re, qui sont mont\u00e9s selon des angles calcul\u00e9s en fonction des flux de mati\u00e8re, permettent des mesures fiables m\u00eame sur des installations o\u00f9 aucune commande n&rsquo;est possible.<\/p>\n<\/details>\n\n\n\n<details class=\"wp-block-details slide-in-right is-layout-flow wp-block-details-is-layout-flow\"><summary>Liquide<\/summary>\n<p>pikkerton d\u00e9veloppe divers proc\u00e9d\u00e9s et syst\u00e8mes pour mesurer les niveaux de remplissage de liquides en mouvement, y compris la poussi\u00e8re d&rsquo;eau ou les embruns, qui peuvent att\u00e9nuer les mesures.<\/p>\n<\/details>\n\n\n\n<details class=\"wp-block-details slide-in-right is-layout-flow wp-block-details-is-layout-flow\"><summary>Gravier<\/summary>\n<p>Nos syst\u00e8mes de mesure permettent \u00e9galement de mesurer des mat\u00e9riaux difficiles tels que le gravier et les graviers grossiers. M\u00eame lorsque ceux-ci sont en mouvement et absorbent les ondes ultrasonores et radar, nos syst\u00e8mes de capteurs sont en mesure d&rsquo;effectuer ces mesures avec succ\u00e8s.<\/p>\n<\/details>\n<\/div>\n<\/section>\n\n\n\n<section class=\"wp-block-group alignfull is-layout-constrained wp-block-group-is-layout-constrained\">\n<div class=\"wp-block-group alignwide is-layout-constrained wp-block-group-is-layout-constrained\">\n<div class=\"wp-block-media-text alignfull has-media-on-the-right is-stacked-on-mobile\"><div class=\"wp-block-media-text__content\">\n<h2 class=\"wp-block-heading has-text-align-left slide-in-left\">C&rsquo;est pourquoi nos syst\u00e8mes de mesure de niveau sont avantageux<\/h2>\n\n\n\n<p class=\"slide-in-left is-style-paragraph-medium is-style-paragraph-medium--3\">Pour des raisons r\u00e9glementaires (poussi\u00e8re, vapeurs, etc.), les conteneurs sont souvent ferm\u00e9s. Il n&rsquo;y a donc aucun contact visuel avec les fluides transport\u00e9s. C&rsquo;est l\u00e0 qu&rsquo;interviennent les syst\u00e8mes de capteurs pikkerton, particuli\u00e8rement fiables et efficaces. Les valeurs mesur\u00e9es sont transmises aux syst\u00e8mes de contr\u00f4le via la technologie NB-IoT moderne ou via LTE.<\/p>\n<\/div><figure class=\"wp-block-media-text__media\"><img loading=\"lazy\" decoding=\"async\" width=\"676\" height=\"676\" src=\"https:\/\/staging.pikkerton.ch\/wp-content\/uploads\/2025\/04\/pikkerton_fuellstandsmessung_saegemehl.webp\" alt=\"Pour mesurer les niveaux de remplissage, les pi\u00e8ces doivent \u00eatre analys\u00e9es, mesur\u00e9es avant l'installation et test\u00e9es au cours d'une br\u00e8ve phase d'exp\u00e9rimentation.\" class=\"wp-image-1164 size-full\" srcset=\"https:\/\/staging.pikkerton.ch\/wp-content\/uploads\/2025\/04\/pikkerton_fuellstandsmessung_saegemehl.webp 676w, https:\/\/staging.pikkerton.ch\/wp-content\/uploads\/2025\/04\/pikkerton_fuellstandsmessung_saegemehl-300x300.webp 300w, https:\/\/staging.pikkerton.ch\/wp-content\/uploads\/2025\/04\/pikkerton_fuellstandsmessung_saegemehl-150x150.webp 150w\" sizes=\"auto, (max-width: 676px) 100vw, 676px\" \/><\/figure><\/div>\n<\/div>\n<\/section>\n\n\n\n<section class=\"wp-block-group alignfull card is-layout-constrained wp-block-group-is-layout-constrained\">\n<div class=\"wp-block-columns is-style-card-big is-layout-flex wp-container-core-columns-is-layout-9d6595d7 wp-block-columns-is-layout-flex is-style-card-big--4\">\n<div class=\"wp-block-column is-style-default slide-in-up is-layout-flow wp-block-column-is-layout-flow\">\n<h2 class=\"wp-block-heading has-text-align-center\">Technologies modernes de capteurs et de communication<\/h2>\n\n\n\n<p class=\"has-text-align-center\">Nos syst\u00e8mes de mesure et de surveillance utilisent des capteurs et des technologies qui permettent des mesures fiables et des transmissions s\u00e9curis\u00e9es. Nos syst\u00e8mes mesurent divers param\u00e8tres environnementaux tels que la temp\u00e9rature, l&rsquo;humidit\u00e9, la lumi\u00e8re ou la concentration de gaz et les transmettent \u00e0 des syst\u00e8mes de contr\u00f4le existants via des interfaces modernes.<\/p>\n\n\n\n<div class=\"wp-block-buttons is-layout-flex wp-block-buttons-is-layout-flex\">\n<div class=\"wp-block-button is-style-button-ghost is-style-button-ghost--5\"><a class=\"wp-block-button__link has-text-align-left wp-element-button\" href=\"https:\/\/staging.pikkerton.ch\/fr\/technologies-des-capteurs-et-de-la-communication\/\">Les technologies<\/a><\/div>\n<\/div>\n<\/div>\n<\/div>\n<\/section>\n\n\n\n<section class=\"wp-block-group alignfull is-layout-constrained wp-block-group-is-layout-constrained\">\n<div class=\"wp-block-group is-layout-constrained wp-block-group-is-layout-constrained\">\n<h2 class=\"wp-block-heading slide-in-left\">R\u00e9f\u00e9rences<\/h2>\n\n\n\n<details class=\"wp-block-details slide-in-right is-layout-flow wp-block-details-is-layout-flow\"><summary><strong>Interspan Tschopp AG<\/strong><\/summary>\n<p>Interspan Tschopp est une entreprise internationale active dans le commerce de r\u00e9sidus de bois et la logistique. Les semi-remorques sont remplis de copeaux et de sciure \u00e0 l&rsquo;aide de convoyeurs haute performance. La poussi\u00e8re emp\u00eache tout contr\u00f4le visuel du niveau de remplissage depuis l&rsquo;ext\u00e9rieur. Le syst\u00e8me de mesure pikkerton repose sur une technologie ultrasonique et laser innovante qui mesure le niveau de remplissage de la semi-remorque et transmet les donn\u00e9es en temps r\u00e9el au fournisseur de copeaux. Les exigences en mati\u00e8re de technique de mesure sont extr\u00eamement \u00e9lev\u00e9es dans ce cas. L&rsquo;optimisation de la logistique entre Interspan Tschopp AG et le fournisseur de copeaux permet d&rsquo;amortir tr\u00e8s rapidement l&rsquo;investissement dans le syst\u00e8me de mesure.<\/p>\n<\/details>\n<\/div>\n<\/section>\n","protected":false},"excerpt":{"rendered":"<p>Mesures pr\u00e9cises et fiables du niveau et du remplissage Mesure et surveillance des niveaux de remplissage Mesures dans des conditions difficiles, en pr\u00e9sence de poussi\u00e8re et de d\u00e9bris Notre longue exp\u00e9rience et notre vaste savoir-faire, associ\u00e9s \u00e0 des technologies \u00e9prouv\u00e9es telles que NB-IoT, LTE et Bluetooth, permettent \u00e9galement d&rsquo;effectuer des mesures dans des situations o\u00f9 [&hellip;]<\/p>\n","protected":false},"author":1,"featured_media":0,"parent":0,"menu_order":6,"comment_status":"closed","ping_status":"closed","template":"","meta":{"_acf_changed":false,"footnotes":""},"class_list":["post-1351","page","type-page","status-publish","hentry"],"acf":{"seo-indexing-option":true,"seo-og-title":"Mesures pr\u00e9cises et fiables du niveau et du remplissage","seo-meta-description":"Nous mesurons et contr\u00f4lons les niveaux de poussi\u00e8re, de liquides et de gravier, m\u00eame dans des installations ferm\u00e9es ou inaccessibles.","seo-og-image":""},"_links":{"self":[{"href":"https:\/\/staging.pikkerton.ch\/fr\/wp-json\/wp\/v2\/pages\/1351","targetHints":{"allow":["GET"]}}],"collection":[{"href":"https:\/\/staging.pikkerton.ch\/fr\/wp-json\/wp\/v2\/pages"}],"about":[{"href":"https:\/\/staging.pikkerton.ch\/fr\/wp-json\/wp\/v2\/types\/page"}],"author":[{"embeddable":true,"href":"https:\/\/staging.pikkerton.ch\/fr\/wp-json\/wp\/v2\/users\/1"}],"replies":[{"embeddable":true,"href":"https:\/\/staging.pikkerton.ch\/fr\/wp-json\/wp\/v2\/comments?post=1351"}],"version-history":[{"count":10,"href":"https:\/\/staging.pikkerton.ch\/fr\/wp-json\/wp\/v2\/pages\/1351\/revisions"}],"predecessor-version":[{"id":1583,"href":"https:\/\/staging.pikkerton.ch\/fr\/wp-json\/wp\/v2\/pages\/1351\/revisions\/1583"}],"wp:attachment":[{"href":"https:\/\/staging.pikkerton.ch\/fr\/wp-json\/wp\/v2\/media?parent=1351"}],"curies":[{"name":"wp","href":"https:\/\/api.w.org\/{rel}","templated":true}]}}