{"id":1352,"date":"2025-01-09T13:03:47","date_gmt":"2025-01-09T13:03:47","guid":{"rendered":"https:\/\/staging.pikkerton.ch\/brandvermeidung\/"},"modified":"2025-05-20T09:17:50","modified_gmt":"2025-05-20T09:17:50","slug":"prevention-des-incendies","status":"publish","type":"page","link":"https:\/\/staging.pikkerton.ch\/fr\/prevention-des-incendies\/","title":{"rendered":"Pr\u00e9vention des incendies"},"content":{"rendered":"\n<section class=\"wp-block-group alignfull is-layout-constrained wp-block-group-is-layout-constrained\">\n<div class=\"wp-block-group header-headline is-layout-constrained wp-block-group-is-layout-constrained\">\n<h1 class=\"wp-block-heading slide-in-up\">Pr\u00e9vention des incendies gr\u00e2ce \u00e0 des syst\u00e8mes de mesure et de surveillance intelligents<\/h1>\n<\/div>\n<\/section>\n\n\n\n<section class=\"wp-block-group alignfull is-layout-constrained wp-block-group-is-layout-constrained\">\n<div class=\"wp-block-group alignwide is-layout-constrained wp-block-group-is-layout-constrained\">\n<div class=\"wp-block-media-text alignfull has-media-on-the-right is-stacked-on-mobile\"><div class=\"wp-block-media-text__content\">\n<h2 class=\"wp-block-heading has-text-align-left slide-in-left\">Pr\u00e9vention des incendies<\/h2>\n\n\n\n<ul class=\"wp-block-list slide-in-left\">\n<li>Transformation du bois<\/li>\n\n\n\n<li class=\"is-style-default\">Scieries<\/li>\n\n\n\n<li>Meules de foin<\/li>\n\n\n\n<li>Installations photovolta\u00efques<\/li>\n\n\n\n<li>Installations de recyclage<\/li>\n\n\n\n<li>Reconditionnement de pneus<\/li>\n\n\n\n<li>Engins de chantier<\/li>\n<\/ul>\n<\/div><figure class=\"wp-block-media-text__media\"><img loading=\"lazy\" decoding=\"async\" width=\"676\" height=\"676\" src=\"https:\/\/staging.pikkerton.ch\/wp-content\/uploads\/2025\/02\/pikkerton_strueby_holzbau.webp\" alt=\"Hall de production Str\u00fcby Holzbau o\u00f9 la pr\u00e9vention des incendies est une priorit\u00e9 absolue.\" class=\"wp-image-541 size-full\" srcset=\"https:\/\/staging.pikkerton.ch\/wp-content\/uploads\/2025\/02\/pikkerton_strueby_holzbau.webp 676w, https:\/\/staging.pikkerton.ch\/wp-content\/uploads\/2025\/02\/pikkerton_strueby_holzbau-300x300.webp 300w, https:\/\/staging.pikkerton.ch\/wp-content\/uploads\/2025\/02\/pikkerton_strueby_holzbau-150x150.webp 150w\" sizes=\"auto, (max-width: 676px) 100vw, 676px\" \/><\/figure><\/div>\n<\/div>\n<\/section>\n\n\n\n<section class=\"wp-block-group alignfull card is-layout-constrained wp-block-group-is-layout-constrained\">\n<div class=\"wp-block-columns is-style-card-big is-layout-flex wp-container-core-columns-is-layout-9d6595d7 wp-block-columns-is-layout-flex is-style-card-big--1\">\n<div class=\"wp-block-column slide-in-up is-layout-flow wp-block-column-is-layout-flow\">\n<h2 class=\"wp-block-heading has-text-align-center\">Nos syst\u00e8mes de mesure et de surveillance d\u00e9tectent les dangers bien avant que les incendies ne se d\u00e9clarent et ne causent d&rsquo;importants d\u00e9g\u00e2ts.<\/h2>\n\n\n\n<p class=\"has-text-align-center\">Des capteurs modernes communiquent sans c\u00e2ble et signalent les dysfonctionnements et les dangers via notre plateforme de donn\u00e9es directement sur les terminaux mobiles et les syst\u00e8mes de contr\u00f4le.<\/p>\n<\/div>\n<\/div>\n<\/section>\n\n\n\n<section class=\"wp-block-group alignfull is-layout-constrained wp-block-group-is-layout-constrained\">\n<div class=\"wp-block-group alignwide is-layout-constrained wp-block-group-is-layout-constrained\">\n<div class=\"wp-block-media-text alignfull is-stacked-on-mobile\"><figure class=\"wp-block-media-text__media\"><img loading=\"lazy\" decoding=\"async\" width=\"676\" height=\"676\" src=\"https:\/\/staging.pikkerton.ch\/wp-content\/uploads\/2025\/02\/pikkerton_dashboard_mobiltelefon_2.webp\" alt=\"Tableau de bord pikkerton sur smartphone avec diff\u00e9rentes illustrations\" class=\"wp-image-543 size-full\" srcset=\"https:\/\/staging.pikkerton.ch\/wp-content\/uploads\/2025\/02\/pikkerton_dashboard_mobiltelefon_2.webp 676w, https:\/\/staging.pikkerton.ch\/wp-content\/uploads\/2025\/02\/pikkerton_dashboard_mobiltelefon_2-300x300.webp 300w, https:\/\/staging.pikkerton.ch\/wp-content\/uploads\/2025\/02\/pikkerton_dashboard_mobiltelefon_2-150x150.webp 150w\" sizes=\"auto, (max-width: 676px) 100vw, 676px\" \/><\/figure><div class=\"wp-block-media-text__content\">\n<h2 class=\"wp-block-heading has-text-align-left slide-in-right\">Donn\u00e9es en temps r\u00e9el et alertes directement sur votre smartphone<\/h2>\n\n\n\n<p class=\"is-style-paragraph-medium slide-in-right is-style-paragraph-medium--2\">Vous souhaitez \u00e9galement avoir un aper\u00e7u des fonctions de vos installations ? Contactez-nous.<\/p>\n\n\n\n<div class=\"wp-block-buttons slide-in-up is-layout-flex wp-block-buttons-is-layout-flex\">\n<div class=\"wp-block-button is-style-default\"><a class=\"wp-block-button__link wp-element-button\" href=\"tel:\u200b+41416624917\">\u200b+41 41 662 49 17<\/a><\/div>\n\n\n\n<div class=\"wp-block-button\"><a class=\"wp-block-button__link wp-element-button\" href=\"mailtoinfo@pikkerton.ch\">info@pikkerton.ch<\/a><\/div>\n<\/div>\n<\/div><\/div>\n\n\n\n<div style=\"height:100px\" aria-hidden=\"true\" class=\"wp-block-spacer\"><\/div>\n\n\n\n<div class=\"wp-block-media-text alignfull has-media-on-the-right is-stacked-on-mobile\"><div class=\"wp-block-media-text__content\">\n<h2 class=\"wp-block-heading has-text-align-left slide-in-right\">Les syst\u00e8mes d&rsquo;imagerie thermique surveillent les installations photovolta\u00efques<\/h2>\n\n\n\n<p class=\"is-style-paragraph-medium slide-in-right is-style-paragraph-medium--3\">Nos syst\u00e8mes d&rsquo;imagerie thermique sophistiqu\u00e9s surveillent l&rsquo;\u00e9volution de la temp\u00e9rature sur les toitures photovolta\u00efques et d\u00e9clenchent une alarme lorsque les valeurs limites sont d\u00e9pass\u00e9es.<\/p>\n<\/div><figure class=\"wp-block-media-text__media\"><img loading=\"lazy\" decoding=\"async\" width=\"676\" height=\"676\" src=\"https:\/\/staging.pikkerton.ch\/wp-content\/uploads\/2025\/04\/pikkerton_photovoltaik_waermebildkamera.webp\" alt=\"D\u00e9veloppement de chaleur Installation photovolta\u00efque o\u00f9 les risques d'incendie sont d\u00e9tect\u00e9s \u00e0 un stade pr\u00e9coce.\" class=\"wp-image-1335 size-full\" srcset=\"https:\/\/staging.pikkerton.ch\/wp-content\/uploads\/2025\/04\/pikkerton_photovoltaik_waermebildkamera.webp 676w, https:\/\/staging.pikkerton.ch\/wp-content\/uploads\/2025\/04\/pikkerton_photovoltaik_waermebildkamera-300x300.webp 300w, https:\/\/staging.pikkerton.ch\/wp-content\/uploads\/2025\/04\/pikkerton_photovoltaik_waermebildkamera-150x150.webp 150w\" sizes=\"auto, (max-width: 676px) 100vw, 676px\" \/><\/figure><\/div>\n<\/div>\n<\/section>\n\n\n\n<section class=\"wp-block-group alignfull is-layout-constrained wp-block-group-is-layout-constrained\">\n<div class=\"wp-block-group is-layout-constrained wp-block-group-is-layout-constrained\">\n<h2 class=\"wp-block-heading slide-in-left\">Nous mesurons et contr\u00f4lons pour \u00e9viter les incendies<\/h2>\n\n\n\n<details class=\"wp-block-details is-style-default slide-in-right is-layout-flow wp-block-details-is-layout-flow\"><summary>Fum\u00e9e<\/summary>\n<p>Il n&rsquo;y a pas de fum\u00e9e sans feu \u2013 ou bient\u00f4t. Les capteurs de pr\u00e9vention des incendies BVS d\u00e9tectent tout type de fum\u00e9e et signalent imm\u00e9diatement toute d\u00e9tection via le syst\u00e8me NB-IoT int\u00e9gr\u00e9 au capteur. En l&rsquo;absence de r\u00e9ception, des contacts relais sont activ\u00e9s et d\u00e9clenchent l&rsquo;alarme via le syst\u00e8me NB-IoT. Les capteurs de pr\u00e9vention des incendies ne n\u00e9cessitent aucun c\u00e2blage et l&rsquo;\u00e9tat du capteur peut \u00eatre consult\u00e9 \u00e0 tout moment via un moniteur.<\/p>\n<\/details>\n\n\n\n<details class=\"wp-block-details slide-in-right is-layout-flow wp-block-details-is-layout-flow\"><summary>Rayonnement thermique<\/summary>\n<p>Les cam\u00e9ras thermiques (cam\u00e9ras thermiques et optiques \u00e0 double spectre) sont des syst\u00e8mes sophistiqu\u00e9s que nous utilisons pour la d\u00e9tection pr\u00e9coce des incendies ou pour le contr\u00f4le de l&rsquo;\u00e9clairage.<\/p>\n\n\n\n<p>Nos cam\u00e9ras haute r\u00e9solution d\u00e9tectent les variations de temp\u00e9rature et les anomalies telles que la fum\u00e9e ou les mouvements ind\u00e9sirables. Elles permettent ainsi de surveiller individuellement les zones hautement sensibles. Nos syst\u00e8mes fournissent des donn\u00e9es thermiques sous forme d&rsquo;images provenant d&rsquo;installations photovolta\u00efques, de syst\u00e8mes de recyclage, de meules de foin et de nombreuses autres applications. Ces images thermiques sont mises \u00e0 disposition via la plateforme pikkerton. Une alarme est d\u00e9clench\u00e9e lorsque les plages de temp\u00e9rature pr\u00e9d\u00e9finies sont d\u00e9pass\u00e9es.<\/p>\n\n\n\n<p>Les technologies ont consid\u00e9rablement \u00e9volu\u00e9 ces derni\u00e8res ann\u00e9es, tout comme les prix des capteurs, qui offrent d\u00e9sormais un excellent rapport qualit\u00e9-prix et une large gamme de fonctionnalit\u00e9s.<\/p>\n<\/details>\n\n\n\n<details class=\"wp-block-details slide-in-right is-layout-flow wp-block-details-is-layout-flow\"><summary>Temp\u00e9rature<\/summary>\n<p>Le frottement g\u00e9n\u00e8re de la chaleur. Les mat\u00e9riaux combustibles, la chaleur et l&rsquo;oxyg\u00e8ne provoquent des incendies. Nos capteurs sont utilis\u00e9s \u00e0 des endroits qui ne sont jamais surveill\u00e9s visuellement, par exemple les roulements du moteur d&rsquo;avance dans les coins les plus recul\u00e9s d&rsquo;une scierie. Les temp\u00e9ratures sont mesur\u00e9es, transmises et visualis\u00e9es en continu. Des alarmes sont d\u00e9clench\u00e9es lorsqu&rsquo;une temp\u00e9rature d\u00e9finie est d\u00e9pass\u00e9e. Gr\u00e2ce \u00e0 la forte p\u00e9n\u00e9tration du NB-IoT dans les b\u00e2timents, la surveillance est \u00e9galement possible dans des endroits o\u00f9 aucun r\u00e9seau mobile n&rsquo;est disponible.<\/p>\n<\/details>\n\n\n\n<details class=\"wp-block-details slide-in-right is-layout-flow wp-block-details-is-layout-flow\"><summary>Gaz<\/summary>\n<p>Les gaz sont insidieux. En r\u00e8gle g\u00e9n\u00e9rale, ils sont invisibles et certains sont inodores (monoxyde de carbone dans les garages). Nos syst\u00e8mes de capteurs permettent de d\u00e9tecter et de mesurer la plupart des gaz. Des interfaces telles que RS485, 4-20 mA, 1-10 V, IO-Link, etc. sont disponibles \u00e0 cet effet.<\/p>\n<\/details>\n\n\n\n<details class=\"wp-block-details slide-in-right is-layout-flow wp-block-details-is-layout-flow\"><summary>Humidit\u00e9<\/summary>\n<p>Partout o\u00f9 il y a de l&rsquo;humidit\u00e9, il y a de l&rsquo;\u00e9nergie. Elle est absorb\u00e9e lors de l&rsquo;\u00e9vaporation ou lib\u00e9r\u00e9e lors de la condensation. Et elle produit des moisissures. Nous disposons des capteurs adapt\u00e9s \u00e0 toutes les applications, avec humidit\u00e9 relative (rH), humidit\u00e9 absolue (aH) et point de ros\u00e9e. Nos capteurs d&rsquo;humidit\u00e9 sont combin\u00e9s \u00e0 des capteurs de temp\u00e9rature et fournissent les donn\u00e9es n\u00e9cessaires \u00e0 l&rsquo;optimisation des b\u00e2timents, des meules de foin et d&rsquo;autres applications.<\/p>\n<\/details>\n\n\n\n<details class=\"wp-block-details slide-in-right is-layout-flow wp-block-details-is-layout-flow\"><summary>Vibration<\/summary>\n<p>Pour \u00e9viter tout dommage, les vibrations doivent \u00eatre contr\u00f4l\u00e9es imm\u00e9diatement ou \u00e0 long terme. Pour les pompes fonctionnant 24h\/24 et 7j\/7 ou d&rsquo;autres pi\u00e8ces de machines, il est possible de planifier des interruptions pour remplacer les roulements \u00e0 billes ou effectuer d&rsquo;autres op\u00e9rations de maintenance. La surveillance des donn\u00e9es mesur\u00e9es permet cette planification et optimise les processus.<\/p>\n<\/details>\n<\/div>\n<\/section>\n\n\n\n<section class=\"wp-block-group alignfull is-layout-constrained wp-block-group-is-layout-constrained\">\n<div class=\"wp-block-group alignwide is-layout-constrained wp-block-group-is-layout-constrained\">\n<div class=\"wp-block-media-text alignfull has-media-on-the-right is-stacked-on-mobile\"><div class=\"wp-block-media-text__content\">\n<h2 class=\"wp-block-heading has-text-align-left slide-in-left\">C&rsquo;est pourquoi nos syst\u00e8mes sont rentables<\/h2>\n\n\n\n<ul class=\"wp-block-list slide-in-left\">\n<li>D\u00e9tection pr\u00e9coce des dangers tels que la temp\u00e9rature, l&rsquo;humidit\u00e9<\/li>\n\n\n\n<li>Surveillance des installations photovolta\u00efques<\/li>\n\n\n\n<li>Surveillance des meules de foin<\/li>\n\n\n\n<li>Alarme<\/li>\n\n\n\n<li>Contr\u00f4le total gr\u00e2ce au tableau de bord<\/li>\n\n\n\n<li>Longue exp\u00e9rience dans les applications complexes<\/li>\n<\/ul>\n<\/div><figure class=\"wp-block-media-text__media\"><img loading=\"lazy\" decoding=\"async\" width=\"676\" height=\"676\" src=\"https:\/\/staging.pikkerton.ch\/wp-content\/uploads\/2025\/02\/pikkerton_peter-arnold_beratung.webp\" alt=\"Les ing\u00e9nieurs de l'\u00e9quipe pikkerton discutent ensemble de la mise en practice de la th\u00e9orie.\" class=\"wp-image-548 size-full\" srcset=\"https:\/\/staging.pikkerton.ch\/wp-content\/uploads\/2025\/02\/pikkerton_peter-arnold_beratung.webp 676w, https:\/\/staging.pikkerton.ch\/wp-content\/uploads\/2025\/02\/pikkerton_peter-arnold_beratung-300x300.webp 300w, https:\/\/staging.pikkerton.ch\/wp-content\/uploads\/2025\/02\/pikkerton_peter-arnold_beratung-150x150.webp 150w\" sizes=\"auto, (max-width: 676px) 100vw, 676px\" \/><\/figure><\/div>\n<\/div>\n<\/section>\n\n\n\n<section class=\"wp-block-group alignfull card is-layout-constrained wp-block-group-is-layout-constrained\">\n<div class=\"wp-block-columns is-style-card-big is-layout-flex wp-container-core-columns-is-layout-9d6595d7 wp-block-columns-is-layout-flex is-style-card-big--4\">\n<div class=\"wp-block-column slide-in-up is-layout-flow wp-block-column-is-layout-flow\">\n<h2 class=\"wp-block-heading has-text-align-center\">Technologies modernes de capteurs et de communication<\/h2>\n\n\n\n<p class=\"has-text-align-center\">Nos syst\u00e8mes reposent sur des technologies NB-IoT modernes et des solutions de capteurs dot\u00e9s d&rsquo;interfaces standard et peuvent \u00eatre facilement connect\u00e9s aux syst\u00e8mes de contr\u00f4le existants.<\/p>\n\n\n\n<div class=\"wp-block-buttons is-layout-flex wp-block-buttons-is-layout-flex\">\n<div class=\"wp-block-button is-style-button-ghost is-style-button-ghost--5\"><a class=\"wp-block-button__link has-text-align-left wp-element-button\" href=\"https:\/\/staging.pikkerton.ch\/fr\/technologies-des-capteurs-et-de-la-communication\/\">Les technologies<\/a><\/div>\n<\/div>\n<\/div>\n<\/div>\n<\/section>\n\n\n\n<section class=\"wp-block-group alignfull is-layout-constrained wp-block-group-is-layout-constrained\">\n<div class=\"wp-block-group alignwide is-layout-constrained wp-block-group-is-layout-constrained\">\n<div class=\"wp-block-media-text alignfull is-stacked-on-mobile\"><figure class=\"wp-block-media-text__media\"><img loading=\"lazy\" decoding=\"async\" width=\"676\" height=\"676\" src=\"https:\/\/staging.pikkerton.ch\/wp-content\/uploads\/2025\/02\/pikkerton_heustock_messsonde.webp\" alt=\"L'agriculteur mesure la temp\u00e9rature des bottes de foin et v\u00e9rifie les donn\u00e9es sur le tableau de bord.\" class=\"wp-image-736 size-full\" srcset=\"https:\/\/staging.pikkerton.ch\/wp-content\/uploads\/2025\/02\/pikkerton_heustock_messsonde.webp 676w, https:\/\/staging.pikkerton.ch\/wp-content\/uploads\/2025\/02\/pikkerton_heustock_messsonde-300x300.webp 300w, https:\/\/staging.pikkerton.ch\/wp-content\/uploads\/2025\/02\/pikkerton_heustock_messsonde-150x150.webp 150w\" sizes=\"auto, (max-width: 676px) 100vw, 676px\" \/><\/figure><div class=\"wp-block-media-text__content\">\n<h2 class=\"wp-block-heading has-text-align-left slide-in-right\">Pour les agriculteurs : sonde pour meules de foin pour une pr\u00e9vention active des incendies et des \u00e9conomies d&rsquo;\u00e9nergie<\/h2>\n\n\n\n<p class=\"is-style-paragraph-medium slide-in-right is-style-paragraph-medium--6\">Ce syst\u00e8me sophistiqu\u00e9 mesure la temp\u00e9rature et l&rsquo;humidit\u00e9 et compare l&rsquo;humidit\u00e9 int\u00e9rieure et ext\u00e9rieure, en valeur absolue et relative, y compris le point de ros\u00e9e. Cela permet de r\u00e9duire la ventilation \u00e9nergivore et d&rsquo;\u00e9conomiser jusqu&rsquo;\u00e0 30 % d&rsquo;\u00e9nergie.<\/p>\n\n\n\n<div class=\"wp-block-buttons slide-in-up is-layout-flex wp-block-buttons-is-layout-flex\">\n<div class=\"wp-block-button\"><a class=\"wp-block-button__link wp-element-button\" href=\"https:\/\/staging.pikkerton.ch\/fr\/prevention-des-incendies\/heustocksonde-haystack-4-nb\/\">En savoir plus<\/a><\/div>\n<\/div>\n<\/div><\/div>\n<\/div>\n<\/section>\n\n\n\n<section class=\"wp-block-group alignfull is-layout-constrained wp-block-group-is-layout-constrained\">\n<div class=\"wp-block-group is-layout-constrained wp-block-group-is-layout-constrained\">\n<h2 class=\"wp-block-heading slide-in-left\">R\u00e9f\u00e9rences<\/h2>\n\n\n\n<details class=\"wp-block-details slide-in-right is-layout-flow wp-block-details-is-layout-flow\"><summary>Str\u00fcby Holzbau AG<\/summary>\n<p>Str\u00fcby Holzbau utilise des capteurs de temp\u00e9rature ponctuels pour surveiller en continu les temp\u00e9ratures de ses installations. Des cam\u00e9ras thermiques et optiques \u00e0 double spectre sont \u00e9galement utilis\u00e9es pour surveiller les installations photovolta\u00efques afin d&rsquo;\u00e9viter les incendies dans les b\u00e2timents de production, qui sont en grande partie construits en bois. Pour assurer la qualit\u00e9, Str\u00fcby utilise des capteurs d&rsquo;humidit\u00e9 et de temp\u00e9rature de pikkerton dans de nombreux nouveaux b\u00e2timents.<\/p>\n<\/details>\n\n\n\n<details class=\"wp-block-details slide-in-right is-layout-flow wp-block-details-is-layout-flow\"><summary>Beat Widmer, Agriculteur, Stein AR<\/summary>\n<p>Beat Widmer poss\u00e8de une exploitation agricole moderne \u00e0 Stein, dans le canton d&rsquo;Appenzell Rhodes-Ext\u00e9rieures. Gr\u00e2ce \u00e0 la sonde \u00e0 foin innovante \u00ab Haystack NB 4 \u00bb de pikkerton, il mesure l&rsquo;humidit\u00e9 (rH, aH) et la temp\u00e9rature du tas de foin ainsi que l&rsquo;air avant la ventilation du foin. La surveillance de la temp\u00e9rature lui donne l&rsquo;assurance n\u00e9cessaire que le stock de foin ne surchauffe pas. Gr\u00e2ce \u00e0 la visualisation, l&rsquo;agriculteur peut activer et d\u00e9sactiver la ventilation du foin en cons\u00e9quence. pikkerton peut \u00e9galement automatiser ce processus. En surveillant l&rsquo;humidit\u00e9 de l&rsquo;air int\u00e9rieur et ext\u00e9rieur, Beat Widmer a pu \u00e9conomiser environ 20 % de ses co\u00fbts \u00e9nerg\u00e9tiques en 2024.<\/p>\n<\/details>\n\n\n\n<details class=\"wp-block-details slide-in-right is-layout-flow wp-block-details-is-layout-flow\"><summary>S\u00e4gerei Bucher AG, Ruswil LU<\/summary>\n<p>La scierie Bucher est une entreprise traditionnelle situ\u00e9e dans l&rsquo;arri\u00e8re-pays lucernois. Ses machines sont anciennes, mais fiables et de grande qualit\u00e9. Des capteurs de temp\u00e9rature sont install\u00e9s aux endroits critiques, dans les \u00e9tages inf\u00e9rieurs de la scierie, afin de surveiller les roulements des machines. Les bo\u00eetiers de commande de la centrale de cog\u00e9n\u00e9ration sont \u00e9quip\u00e9s de capteurs de pr\u00e9vention des incendies BVS. Une cam\u00e9ra thermique et optique Bi-Spectrum est utilis\u00e9e pour surveiller la centrale de cog\u00e9n\u00e9ration. Elle surveille en ligne toutes les zones de temp\u00e9rature critiques.<\/p>\n<\/details>\n\n\n\n<details class=\"wp-block-details slide-in-right is-layout-flow wp-block-details-is-layout-flow\"><summary><strong>Lignocalor AG, K\u00f6niz<\/strong><\/summary>\n<p>Lignocalor appartient au groupe BKW et produit de l&rsquo;\u00e9lectricit\u00e9 \u00e0 partir de la gaz\u00e9ification du bois. L&rsquo;entreprise doit fonctionner avec une efficacit\u00e9 maximale. Une panne ou un arr\u00eat de la production entra\u00eenerait des pertes consid\u00e9rables. C&rsquo;est pourquoi Lignocalor utilise nos capteurs de pr\u00e9vention des incendies dans de nombreux domaines. Les temp\u00e9ratures de l&rsquo;installation d&rsquo;assemblage sont surveill\u00e9es \u00e0 l&rsquo;aide d&rsquo;une cam\u00e9ra thermique (Thermal &amp;amp; Optical Bi-Spectrum) de derni\u00e8re g\u00e9n\u00e9ration. Toute anomalie est imm\u00e9diatement signal\u00e9e sur les smartphones. Toutes les donn\u00e9es des capteurs et les images de contr\u00f4le sont affich\u00e9es sur le tableau de bord pikkerton. Lignocalor ma\u00eetrise ainsi les risques \u00e0 tout moment et renforce la s\u00e9curit\u00e9 incendie.<\/p>\n<\/details>\n\n\n\n<details class=\"wp-block-details slide-in-right is-layout-flow wp-block-details-is-layout-flow\"><summary>Benu L\u00f6tscher, exploitation biologique et \u00e9levage de brebis laiti\u00e8res \u00e0 Marbach (LU)<\/summary>\n<p>L&rsquo;exploitation de Benu L\u00f6tscher d\u00e9pend de la meilleure qualit\u00e9 de foin biologique. Il est l&rsquo;un des rares producteurs de lait de brebis biologique. Les exigences en mati\u00e8re de qualit\u00e9 du foin sont \u00e9normes. Pour les garantir, il utilise avec beaucoup de succ\u00e8s plusieurs sondes de temp\u00e9rature et d&rsquo;humidit\u00e9 pikkerton. Pour son \u00e9levage de poussins biologiques, il utilise nos capteurs de lumi\u00e8re afin d&rsquo;assurer le bien-\u00eatre optimal des poussins.<\/p>\n<\/details>\n\n\n\n<details class=\"wp-block-details slide-in-right is-layout-flow wp-block-details-is-layout-flow\"><summary>BestDrive, Aarau<\/summary>\n<p>BestDrive (anciennement Pneu Egger) appartient \u00e0 Continental AG et compte plus de 70 succursales dans toute la Suisse. Sur plusieurs sites, BestDrive pr\u00e9pare des pneus pour camions et remorques dans le cadre d&rsquo;un processus exigeant. Avant d&rsquo;\u00eatre regomm\u00e9s, les pneus sont rectifi\u00e9s, ce qui permet d&rsquo;aspirer la poussi\u00e8re de pneu. Si des \u00e9tincelles provenant de r\u00e9sidus d&rsquo;acier (clous, goupilles) p\u00e9n\u00e8trent dans le syst\u00e8me de filtration, cela peut provoquer des incendies \u00e0 haute temp\u00e9rature dans le syst\u00e8me. pikkerton a d\u00e9velopp\u00e9 un syst\u00e8me complet de pr\u00e9vention des incendies qui d\u00e9tecte rapidement les \u00e9tincelles et la fum\u00e9e et d\u00e9clenche une alarme. Cela a d\u00e9j\u00e0 permis d&rsquo;\u00e9viter plusieurs incendies \u00e0 un stade pr\u00e9coce.<\/p>\n<\/details>\n<\/div>\n<\/section>\n\n\n\n<p><\/p>\n","protected":false},"excerpt":{"rendered":"<p>Pr\u00e9vention des incendies gr\u00e2ce \u00e0 des syst\u00e8mes de mesure et de surveillance intelligents Pr\u00e9vention des incendies Nos syst\u00e8mes de mesure et de surveillance d\u00e9tectent les dangers bien avant que les incendies ne se d\u00e9clarent et ne causent d&rsquo;importants d\u00e9g\u00e2ts. Des capteurs modernes communiquent sans c\u00e2ble et signalent les dysfonctionnements et les dangers via notre plateforme [&hellip;]<\/p>\n","protected":false},"author":1,"featured_media":0,"parent":0,"menu_order":7,"comment_status":"closed","ping_status":"closed","template":"","meta":{"_acf_changed":false,"footnotes":""},"class_list":["post-1352","page","type-page","status-publish","hentry"],"acf":{"seo-indexing-option":true,"seo-og-title":"Pr\u00e9vention des incendies gr\u00e2ce \u00e0 des syst\u00e8mes de mesure et d","seo-meta-description":"Nos syst\u00e8mes de mesure d\u00e9tectent les dangers bien avant que les incendies ne se d\u00e9clarent. Ils peuvent envoyer des alertes directement sur votre smartphone.","seo-og-image":""},"_links":{"self":[{"href":"https:\/\/staging.pikkerton.ch\/fr\/wp-json\/wp\/v2\/pages\/1352","targetHints":{"allow":["GET"]}}],"collection":[{"href":"https:\/\/staging.pikkerton.ch\/fr\/wp-json\/wp\/v2\/pages"}],"about":[{"href":"https:\/\/staging.pikkerton.ch\/fr\/wp-json\/wp\/v2\/types\/page"}],"author":[{"embeddable":true,"href":"https:\/\/staging.pikkerton.ch\/fr\/wp-json\/wp\/v2\/users\/1"}],"replies":[{"embeddable":true,"href":"https:\/\/staging.pikkerton.ch\/fr\/wp-json\/wp\/v2\/comments?post=1352"}],"version-history":[{"count":15,"href":"https:\/\/staging.pikkerton.ch\/fr\/wp-json\/wp\/v2\/pages\/1352\/revisions"}],"predecessor-version":[{"id":1586,"href":"https:\/\/staging.pikkerton.ch\/fr\/wp-json\/wp\/v2\/pages\/1352\/revisions\/1586"}],"wp:attachment":[{"href":"https:\/\/staging.pikkerton.ch\/fr\/wp-json\/wp\/v2\/media?parent=1352"}],"curies":[{"name":"wp","href":"https:\/\/api.w.org\/{rel}","templated":true}]}}