{"id":1355,"date":"2025-02-13T14:21:22","date_gmt":"2025-02-13T14:21:22","guid":{"rendered":"https:\/\/staging.pikkerton.ch\/sensor-und-kommunikations-technologien\/"},"modified":"2025-05-20T08:28:07","modified_gmt":"2025-05-20T08:28:07","slug":"technologies-des-capteurs-et-de-la-communication","status":"publish","type":"page","link":"https:\/\/staging.pikkerton.ch\/fr\/technologies-des-capteurs-et-de-la-communication\/","title":{"rendered":"Technologies"},"content":{"rendered":"\n<section class=\"wp-block-group alignfull is-layout-constrained wp-block-group-is-layout-constrained\">\n<div class=\"wp-block-group header-headline is-layout-constrained wp-block-group-is-layout-constrained\">\n<h1 class=\"wp-block-heading slide-in-up\">Technologies des capteurs et de la communication<\/h1>\n\n\n\n<p class=\"is-style-paragraph-medium slide-in-right is-style-paragraph-medium--1\">Nos syst\u00e8mes de mesure et de surveillance utilisent exclusivement des technologies test\u00e9es et \u00e9prouv\u00e9es selon les normes de qualit\u00e9 les plus strictes. Elles garantissent des r\u00e9sultats de mesure pr\u00e9cis en temps r\u00e9el, m\u00eame dans les conditions les plus difficiles. Les syst\u00e8mes sont faciles \u00e0 installer et n\u00e9cessitent peu d&rsquo;entretien. Les capteurs peuvent \u00eatre int\u00e9gr\u00e9s dans la plupart des syst\u00e8mes de contr\u00f4le via des interfaces standard existantes telles que RS 485 (Modbus), M-Bus, IO-Link, 4-20 mA et 1-10 V et des modules directs.<\/p>\n<\/div>\n<\/section>\n\n\n\n<section class=\"wp-block-group alignfull is-layout-constrained wp-block-group-is-layout-constrained\">\n<div class=\"wp-block-group is-layout-constrained wp-block-group-is-layout-constrained\">\n<h2 class=\"wp-block-heading slide-in-left\">Plateforme de donn\u00e9es<\/h2>\n\n\n\n<details class=\"wp-block-details slide-in-right is-layout-flow wp-block-details-is-layout-flow\"><summary>Dashboard<\/summary>\n<p>La plateforme de donn\u00e9es cloud pikkerton permet de visualiser les donn\u00e9es de mesure en temps r\u00e9el. Il est ainsi possible d&rsquo;analyser efficacement les \u00e9v\u00e9nements, de prendre des d\u00e9cisions fond\u00e9es et de d\u00e9finir des mesures cibl\u00e9es. Cela contribue \u00e0 minimiser les risques, \u00e0 optimiser les processus et \u00e0 accro\u00eetre la s\u00e9curit\u00e9. La plateforme est extr\u00eamement intuitive et offre de nombreux widgets pr\u00e9configur\u00e9s pour des tableaux de bord et des visualisations de donn\u00e9es personnalis\u00e9s. La conception simple et la pr\u00e9sentation claire permettent une analyse rapide des donn\u00e9es.<\/p>\n<\/details>\n\n\n\n<details class=\"wp-block-details slide-in-right is-layout-flow wp-block-details-is-layout-flow\"><summary>Syst\u00e8mes de commande<\/summary>\n<p>La connexion \u00e0 des syst\u00e8mes de contr\u00f4le conventionnels est tr\u00e8s simple : des modules de contr\u00f4le standard sont disponibles en option pour nos syst\u00e8mes de mesure de d\u00e9bit \u00e9quip\u00e9s de composants Systec-Controls. Les donn\u00e9es de mesure sont transmises et lues \u00e0 distance. Les donn\u00e9es sont transmises du syst\u00e8me \u00e0 la plateforme pikkerton via NB-IoT ou LTE, visualis\u00e9es et transmises sous forme d&rsquo;informations ou d&rsquo;alarmes. Les donn\u00e9es peuvent \u00eatre transmises \u00e0 des syst\u00e8mes de contr\u00f4le standard via l&rsquo;interface 4-20 mA.<\/p>\n<\/details>\n\n\n\n<details class=\"wp-block-details slide-in-right is-layout-flow wp-block-details-is-layout-flow\"><summary>Alerte<\/summary>\n<p>Tous les capteurs, appareils, cam\u00e9ras thermiques et passerelles sont con\u00e7us pour transmettre des alarmes. Les donn\u00e9es mesur\u00e9es sont transmises \u00e0 intervalles r\u00e9guliers. L&rsquo;alarme est d\u00e9clench\u00e9e par un capteur local ou via la plateforme pikkerton. Elle peut \u00eatre transmise par SMS, WhatsApp, e-mail ou appel direct via un centre d&rsquo;appel. Des interfaces directes avec les pompiers, la police, les services m\u00e9dicaux ou d&rsquo;autres services d&rsquo;urgence peuvent \u00eatre int\u00e9gr\u00e9es.<\/p>\n<\/details>\n<\/div>\n<\/section>\n\n\n\n<section class=\"wp-block-group alignfull is-layout-constrained wp-block-group-is-layout-constrained\">\n<div class=\"wp-block-group is-layout-constrained wp-block-group-is-layout-constrained\">\n<h2 class=\"wp-block-heading slide-in-left\">Messkomponenten<\/h2>\n\n\n\n<details class=\"wp-block-details slide-in-right is-layout-flow wp-block-details-is-layout-flow\"><summary>Temp\u00e9ratur<\/summary>\n<p>Nos capteurs de temp\u00e9rature peuvent \u00eatre utilis\u00e9es en fonction de l&rsquo;application, de la pr\u00e9cision et de l&rsquo;interface requises. Elles sont souvent combin\u00e9es \u00e0 un capteur d&rsquo;humidit\u00e9.<\/p>\n<\/details>\n\n\n\n<details class=\"wp-block-details slide-in-right is-layout-flow wp-block-details-is-layout-flow\"><summary>Humidit\u00e9<\/summary>\n<p>Nos capteurs d&rsquo;humidit\u00e9 peuvent \u00eatre utilis\u00e9s en fonction de l&rsquo;application, de la pr\u00e9cision et de l&rsquo;interface requises. L&rsquo;humidit\u00e9 peut \u00eatre mesur\u00e9e de mani\u00e8re relative (rH) ou absolue (aH). Les capteurs d&rsquo;humidit\u00e9 sont souvent combin\u00e9s \u00e0 un capteur de temp\u00e9rature.<\/p>\n<\/details>\n\n\n\n<details class=\"wp-block-details slide-in-right is-layout-flow wp-block-details-is-layout-flow\"><summary>Image thermique<\/summary>\n<p>Nos cam\u00e9ras thermiques haut de gamme certifi\u00e9es UE (CNPP, France) sont adapt\u00e9es \u00e0 toutes les conditions m\u00e9t\u00e9orologiques et r\u00e9pondent aux normes les plus strictes en mati\u00e8re d&rsquo;interfaces de communication, d&rsquo;alimentation par Ethernet (PoE), de suppression de la r\u00e9flexion, de d\u00e9finition des zones de mise au point, d&rsquo;int\u00e9gration de r\u00e9seaux locaux et d&rsquo;enregistreurs. Notre vaste stock de pi\u00e8ces de rechange garantit une disponibilit\u00e9 \u00e9lev\u00e9e.<\/p>\n<\/details>\n\n\n\n<details class=\"wp-block-details slide-in-right is-layout-flow wp-block-details-is-layout-flow\"><summary>Ultrasons<\/summary>\n<p>Nos capteurs \u00e0 ultrasons ont fait leurs preuves depuis de nombreuses ann\u00e9es et conviennent aux mesures dans des environnements difficiles tels que la sciure ou la poussi\u00e8re. Ils sont sophistiqu\u00e9s et dot\u00e9s de surfaces r\u00e9sistantes \u00e0 la poussi\u00e8re et \u00e0 l&rsquo;humidit\u00e9 afin d&rsquo;\u00e9viter toute perturbation. Pour la mesure du d\u00e9bit, notre fournisseur Systec Controls a d\u00e9velopp\u00e9 ses propres capteurs \u00e0 ultrasons de pr\u00e9cision.<\/p>\n<\/details>\n\n\n\n<details class=\"wp-block-details slide-in-right is-layout-flow wp-block-details-is-layout-flow\"><summary>Laser<\/summary>\n<p>Nos lasers sont utilis\u00e9s l\u00e0 o\u00f9 une pr\u00e9cision maximale est requise, par exemple pour la mesure de niveau ou la d\u00e9termination de distances. Gr\u00e2ce \u00e0 leur grande pr\u00e9cision et \u00e0 leur polyvalence, les lasers pikkerton fournissent des r\u00e9sultats fiables, sont conformes \u00e0 toutes les r\u00e9glementations sanitaires en vigueur et sont marqu\u00e9s en cons\u00e9quence. Nos lasers sont particuli\u00e8rement adapt\u00e9s aux environnements poussi\u00e9reux et humides.<\/p>\n<\/details>\n\n\n\n<details class=\"wp-block-details slide-in-right is-layout-flow wp-block-details-is-layout-flow\"><summary>Radar<\/summary>\n<p>Nous utilisons des radars lorsque les capteurs \u00e0 ultrasons ne fournissent pas les valeurs mesur\u00e9es attendues dans des environnements sp\u00e9cifiques.<\/p>\n<\/details>\n\n\n\n<details class=\"wp-block-details slide-in-right is-layout-flow wp-block-details-is-layout-flow\"><summary><strong>Motion Countering<\/strong><\/summary>\n<p>Nos syst\u00e8mes de mesure enregistrent en temps r\u00e9el les mouvements des personnes, des animaux et des machines. Les compteurs de mouvements enregistrent les flux de personnes dans les b\u00e2timents. Ils optimisent les processus op\u00e9rationnels, am\u00e9liorent les mesures de s\u00e9curit\u00e9 et permettent une utilisation efficace des ressources. Nos syst\u00e8mes de capteurs fournissent des donn\u00e9es pr\u00e9cieuses pour l&rsquo;analyse des visiteurs, le contr\u00f4le des machines ou l&rsquo;optimisation des acc\u00e8s et contribuent activement \u00e0 l&rsquo;am\u00e9lioration des processus et de la s\u00e9curit\u00e9. Gr\u00e2ce \u00e0 la technologie NB-IoT, les donn\u00e9es des capteurs peuvent \u00eatre transmises sans fil et \u00e0 faible consommation d&rsquo;\u00e9nergie. L&rsquo;installation est plus simple et plus rapide, et la flexibilit\u00e9 est accrue.<\/p>\n<\/details>\n\n\n\n<details class=\"wp-block-details slide-in-right is-layout-flow wp-block-details-is-layout-flow\"><summary><strong><strong>Capteurs \u00e0 impulsions magn\u00e9tiques<\/strong><\/strong><\/summary>\n<p>Nos syst\u00e8mes de mesure enregistrent en temps r\u00e9el les mouvements des appareils et des installations dans les b\u00e2timents. Ils optimisent les processus op\u00e9rationnels, am\u00e9liorent les mesures de s\u00e9curit\u00e9 et permettent une utilisation efficace des ressources. Les syst\u00e8mes de mesure fournissent des donn\u00e9es pr\u00e9cieuses pour l&rsquo;am\u00e9lioration des processus et de la s\u00e9curit\u00e9. Gr\u00e2ce \u00e0 la technologie NB-IoT, les donn\u00e9es des capteurs peuvent \u00eatre transmises sans fil et \u00e0 faible consommation d&rsquo;\u00e9nergie. L&rsquo;installation est simple et rapide. La flexibilit\u00e9 est accrue.<\/p>\n<\/details>\n<\/div>\n<\/section>\n\n\n\n<section class=\"wp-block-group alignfull is-layout-constrained wp-block-group-is-layout-constrained\">\n<div class=\"wp-block-group is-layout-constrained wp-block-group-is-layout-constrained\">\n<h2 class=\"wp-block-heading slide-in-left\">Communication<\/h2>\n\n\n\n<details class=\"wp-block-details slide-in-right is-layout-flow wp-block-details-is-layout-flow\"><summary>NB-IoT &amp; LTE<\/summary>\n<p>Le r\u00e9seau ad\u00e9quat est la base de l&rsquo;Internet des objets. Les r\u00e9seaux LPWA (Low-Power Wide-Area) constituent le choix id\u00e9al pour de nombreuses applications IoT, en particulier lorsque la consommation d&rsquo;\u00e9nergie, la p\u00e9n\u00e9tration dans les b\u00e2timents, la dur\u00e9e de vie des batteries et surtout les co\u00fbts jouent un r\u00f4le important. Deux technologies mobiles standardis\u00e9es sont disponibles pour ce type d&rsquo;applications IoT : NarrowBand IoT (NB-IoT) et LTE for Machine Type Communication (LTE-M).<\/p>\n\n\n\n<p><strong><strong>Faible consommation d&rsquo;\u00e9nergie<\/strong><\/strong><br>Les puces NB-IoT et LTE-M se concentrent sur les propri\u00e9t\u00e9s radio n\u00e9cessaires aux applications et disposent de fonctions d&rsquo;\u00e9conomie d&rsquo;\u00e9nergie telles que le mode veille, les mises \u00e0 jour p\u00e9riodiques longues de la zone de couverture et la r\u00e9ception discontinue \u00e9tendue, qui garantissent une efficacit\u00e9 \u00e9nerg\u00e9tique optimale.<\/p>\n\n\n\n<p><strong><strong>P\u00e9n\u00e9tration profonde dans les b\u00e2timents<\/strong><\/strong><br>Gr\u00e2ce \u00e0 un proc\u00e9d\u00e9 de modulation \u00e0 bande \u00e9troite et \u00e0 des r\u00e9p\u00e9titions de transmission multiples, les technologies NB-IoT et LTE-M offrent une densit\u00e9 de puissance jusqu&rsquo;\u00e0 20 d\u00e9cibels (NB-IoT) ou 15 d\u00e9cibels (LTE-M) sup\u00e9rieure \u00e0 celle du GSM. Cela garantit une meilleure couverture r\u00e9seau \u00e0 l&rsquo;int\u00e9rieur des b\u00e2timents.<\/p>\n\n\n\n<p><strong><strong>Faibles co\u00fbts<\/strong><\/strong><br>Le LTE-M et le NB-IoT se distinguent tous deux par le co\u00fbt avantageux de leurs modules ainsi que par leurs faibles co\u00fbts d&rsquo;exploitation et de maintenance. Cela s&rsquo;explique par la conception simple du chipset, qui renonce aux fonctions LTE superflues, ainsi que par l&rsquo;augmentation des volumes de production.<\/p>\n\n\n\n<p><strong><strong>Base LTE<\/strong><\/strong><br>NB-IoT et LTE-M sont bas\u00e9s sur la technologie LTE et peuvent \u00eatre int\u00e9gr\u00e9s dans les infrastructures LTE existantes via une mise \u00e0 jour logicielle. \u00c9tant donn\u00e9 que NB-IoT et LTE-M peuvent \u00eatre fournis dans les spectres GSM et LTE, aucune licence suppl\u00e9mentaire n&rsquo;est n\u00e9cessaire.<\/p>\n\n\n\n<p><strong><strong>Installation facile<\/strong><\/strong><br>Contrairement aux capteurs qui ne peuvent pas \u00e9mettre sur de longues distances, les technologies NB-IoT et LTE-M fonctionnent toutes deux en Plug &amp; Play. Les capteurs sont directement connect\u00e9s aux r\u00e9seaux NB-IoT et\/ou LTE-M, sans qu&rsquo;il soit n\u00e9cessaire d&rsquo;installer des r\u00e9seaux locaux ou des passerelles.<\/p>\n\n\n\n<p><strong><strong>S\u00e9curit\u00e9 maximale<\/strong><\/strong><br>NB-IoT et LTE-M sont des technologies standardis\u00e9es \u00e0 l&rsquo;\u00e9chelle mondiale qui utilisent les m\u00e9canismes de s\u00e9curit\u00e9 LTE selon la norme 3GPP. NB-IoT et LTE-M b\u00e9n\u00e9ficient toutes deux d&rsquo;un r\u00e9seau international d&rsquo;experts qui v\u00e9rifie et am\u00e9liore en permanence les fonctions de s\u00e9curit\u00e9.<\/p>\n\n\n\n<p>(Quelle: Deutsche Telekom)<\/p>\n<\/details>\n\n\n\n<details class=\"wp-block-details slide-in-right is-layout-flow wp-block-details-is-layout-flow\"><summary>Interfaces<\/summary>\n<p>pikkerton dispose d&rsquo;une longue exp\u00e9rience et de connaissances approfondies des interfaces RS232, RS422, RS485, Modbus, M-Bus, 4-20 mA, 1-10 V et IO-Link. Bon nombre de nos solutions, telles que les d\u00e9bitm\u00e8tres \u00e0 ultrasons, sont disponibles avec des modules pour diff\u00e9rents syst\u00e8mes de contr\u00f4le.<\/p>\n<\/details>\n<\/div>\n<\/section>\n\n\n\n<section class=\"wp-block-group alignfull is-layout-constrained wp-block-group-is-layout-constrained\">\n<div class=\"wp-block-group is-layout-constrained wp-block-group-is-layout-constrained\">\n<h2 class=\"wp-block-heading slide-in-left\">Qualit\u00e9<\/h2>\n\n\n\n<details class=\"wp-block-details slide-in-right is-layout-flow wp-block-details-is-layout-flow\"><summary>Consommation en \u00e9nergie<\/summary>\n<p>L&rsquo;\u00e9lectronique moderne consomme aujourd&rsquo;hui tr\u00e8s peu d&rsquo;\u00e9nergie, sans compromis sur la fiabilit\u00e9. Une faible consommation d&rsquo;\u00e9nergie signifie \u00e9galement moins de d\u00e9gagement de chaleur, des installations moins co\u00fbteuses et des appareils sans c\u00e2ble \u00e9quip\u00e9s de batteries longue dur\u00e9e. La faible consommation r\u00e9duit les co\u00fbts d&rsquo;exploitation et augmente la s\u00e9curit\u00e9 des personnes, des animaux et des infrastructures.<\/p>\n\n\n\n<p>Nous utilisons la technologie PoE pour surveiller les machines, les installations de recyclage et les syst\u00e8mes photovolta\u00efques \u00e0 l&rsquo;aide de cam\u00e9ras thermiques.<\/p>\n\n\n\n<p><strong>Power over Ethernet (PoE)<\/strong><\/p>\n\n\n\n<p>Le terme \u00ab Power over Ethernet \u00bb, abr\u00e9g\u00e9 PoE, d\u00e9signe les proc\u00e9d\u00e9s permettant d&rsquo;alimenter en \u00e9nergie \u00e9lectrique des appareils \u00e9quip\u00e9s d&rsquo;une connexion Ethernet via un c\u00e2ble Ethernet \u00e0 huit fils. Un bloc d&rsquo;alimentation local suppl\u00e9mentaire n&rsquo;est donc plus n\u00e9cessaire. Outre les variantes PoE standardis\u00e9es par la norme IEEE 802.3, toutes r\u00e9trocompatibles, il existe quelques proc\u00e9d\u00e9s propri\u00e9taires ainsi que des variantes simples et passives.<\/p>\n<\/details>\n\n\n\n<details class=\"wp-block-details slide-in-right is-layout-flow wp-block-details-is-layout-flow\"><summary>Certification<\/summary>\n<p>Nous accordons une grande importance \u00e0 la certification de nos produits. La certification confirme, dans le cadre d&rsquo;un essai de type, qu&rsquo;une version d&rsquo;un produit r\u00e9pond \u00e0 certaines caract\u00e9ristiques fonctionnelles et de s\u00e9curit\u00e9 sp\u00e9cifi\u00e9es dans des profils de protection, des prescriptions de s\u00e9curit\u00e9 ou des directives techniques.<\/p>\n\n\n\n<p>Nous utilisons des produits certifi\u00e9s dans l&rsquo;UE (capteurs, cam\u00e9ras thermiques). Ils r\u00e9pondent aux exigences les plus strictes des normes europ\u00e9ennes. L&rsquo;exp\u00e9rience montre que les produits certifi\u00e9s dans l&rsquo;UE sont rapidement homologu\u00e9s en Suisse et pris en compte par les assurances.<\/p>\n<\/details>\n<\/div>\n<\/section>\n","protected":false},"excerpt":{"rendered":"<p>Technologies des capteurs et de la communication Nos syst\u00e8mes de mesure et de surveillance utilisent exclusivement des technologies test\u00e9es et \u00e9prouv\u00e9es selon les normes de qualit\u00e9 les plus strictes. Elles garantissent des r\u00e9sultats de mesure pr\u00e9cis en temps r\u00e9el, m\u00eame dans les conditions les plus difficiles. Les syst\u00e8mes sont faciles \u00e0 installer et n\u00e9cessitent peu [&hellip;]<\/p>\n","protected":false},"author":1,"featured_media":0,"parent":0,"menu_order":11,"comment_status":"closed","ping_status":"closed","template":"","meta":{"_acf_changed":false,"footnotes":""},"class_list":["post-1355","page","type-page","status-publish","hentry"],"acf":{"seo-indexing-option":true,"seo-og-title":"Technologies et communication \u00e0 la pointe du progr\u00e8s.","seo-meta-description":"Nos syst\u00e8mes fonctionnent avec des technologies \u00e9prouv\u00e9es. Ils fournissent des valeurs de mesure pr\u00e9cises et constituent la base d'autres processus.","seo-og-image":""},"_links":{"self":[{"href":"https:\/\/staging.pikkerton.ch\/fr\/wp-json\/wp\/v2\/pages\/1355","targetHints":{"allow":["GET"]}}],"collection":[{"href":"https:\/\/staging.pikkerton.ch\/fr\/wp-json\/wp\/v2\/pages"}],"about":[{"href":"https:\/\/staging.pikkerton.ch\/fr\/wp-json\/wp\/v2\/types\/page"}],"author":[{"embeddable":true,"href":"https:\/\/staging.pikkerton.ch\/fr\/wp-json\/wp\/v2\/users\/1"}],"replies":[{"embeddable":true,"href":"https:\/\/staging.pikkerton.ch\/fr\/wp-json\/wp\/v2\/comments?post=1355"}],"version-history":[{"count":2,"href":"https:\/\/staging.pikkerton.ch\/fr\/wp-json\/wp\/v2\/pages\/1355\/revisions"}],"predecessor-version":[{"id":1549,"href":"https:\/\/staging.pikkerton.ch\/fr\/wp-json\/wp\/v2\/pages\/1355\/revisions\/1549"}],"wp:attachment":[{"href":"https:\/\/staging.pikkerton.ch\/fr\/wp-json\/wp\/v2\/media?parent=1355"}],"curies":[{"name":"wp","href":"https:\/\/api.w.org\/{rel}","templated":true}]}}