{"id":1358,"date":"2025-02-13T14:21:29","date_gmt":"2025-02-13T14:21:29","guid":{"rendered":"https:\/\/staging.pikkerton.ch\/ueber-uns\/"},"modified":"2025-05-20T08:28:35","modified_gmt":"2025-05-20T08:28:35","slug":"a-propos-de-nous","status":"publish","type":"page","link":"https:\/\/staging.pikkerton.ch\/fr\/a-propos-de-nous\/","title":{"rendered":"\u00c0 propos de nous"},"content":{"rendered":"\n<section class=\"wp-block-group alignfull is-layout-constrained wp-block-group-is-layout-constrained\">\n<div class=\"wp-block-group header-headline is-layout-constrained wp-block-group-is-layout-constrained\">\n<h1 class=\"wp-block-heading is-style-default slide-in-up\">Les t\u00eates derri\u00e8re pikkerton Schweiz<\/h1>\n<\/div>\n<\/section>\n\n\n\n<section class=\"wp-block-group alignfull is-layout-constrained wp-block-group-is-layout-constrained\">\n<div class=\"wp-block-columns team is-layout-flex wp-container-core-columns-is-layout-9d6595d7 wp-block-columns-is-layout-flex\">\n<div class=\"wp-block-column slide-in-up is-layout-flow wp-block-column-is-layout-flow\">\n<figure class=\"wp-block-image size-full\"><img loading=\"lazy\" decoding=\"async\" width=\"200\" height=\"200\" src=\"https:\/\/staging.pikkerton.ch\/wp-content\/uploads\/2025\/03\/pikkerton_peter_arnold-1.webp\" alt=\"Peter M. Arnold\" class=\"wp-image-991\" srcset=\"https:\/\/staging.pikkerton.ch\/wp-content\/uploads\/2025\/03\/pikkerton_peter_arnold-1.webp 200w, https:\/\/staging.pikkerton.ch\/wp-content\/uploads\/2025\/03\/pikkerton_peter_arnold-1-150x150.webp 150w\" sizes=\"auto, (max-width: 200px) 100vw, 200px\" \/><\/figure>\n\n\n\n<p><strong>Peter M. Arnold<\/strong><\/p>\n\n\n\n<p>Responsable des ventes et des projets<br>dipl. El. Ing. HTL<br><span class=\"my-email-obfuscator\" data-email=\"cGV0ZXIuYXJub2xkQHBpa2tlcnRvbi5jaA==\"><\/span><\/p>\n<\/div>\n\n\n\n<div class=\"wp-block-column slide-in-up is-layout-flow wp-block-column-is-layout-flow\">\n<figure class=\"wp-block-image size-full\"><img loading=\"lazy\" decoding=\"async\" width=\"200\" height=\"200\" src=\"https:\/\/staging.pikkerton.ch\/wp-content\/uploads\/2025\/03\/pikkerton_peter_barmettler.webp\" alt=\"Dr. Peter Barmettler\" class=\"wp-image-989\" srcset=\"https:\/\/staging.pikkerton.ch\/wp-content\/uploads\/2025\/03\/pikkerton_peter_barmettler.webp 200w, https:\/\/staging.pikkerton.ch\/wp-content\/uploads\/2025\/03\/pikkerton_peter_barmettler-150x150.webp 150w\" sizes=\"auto, (max-width: 200px) 100vw, 200px\" \/><\/figure>\n\n\n\n<p><strong>Dr. Peter Barmettler<\/strong><\/p>\n\n\n\n<p>Business Development Manager<br><span class=\"my-email-obfuscator\" data-email=\"cGV0ZXIuYmFybWV0dGxlckBwaWtrZXJ0b24uY2g=\"><\/span><\/p>\n<\/div>\n\n\n\n<div class=\"wp-block-column slide-in-up is-layout-flow wp-block-column-is-layout-flow\">\n<figure class=\"wp-block-image size-full\"><img loading=\"lazy\" decoding=\"async\" width=\"200\" height=\"200\" src=\"https:\/\/staging.pikkerton.ch\/wp-content\/uploads\/2025\/04\/pikkerton_karl_arnold.webp\" alt=\"Karl Arnold\" class=\"wp-image-1414\" srcset=\"https:\/\/staging.pikkerton.ch\/wp-content\/uploads\/2025\/04\/pikkerton_karl_arnold.webp 200w, https:\/\/staging.pikkerton.ch\/wp-content\/uploads\/2025\/04\/pikkerton_karl_arnold-150x150.webp 150w\" sizes=\"auto, (max-width: 200px) 100vw, 200px\" \/><\/figure>\n\n\n\n<p><strong>Karl Arnold<\/strong><\/p>\n\n\n\n<p>Conseiller client\u00e8le Suisse al\u00e9manique<br>Technischer Kaufmann FA<br><span class=\"my-email-obfuscator\" data-email=\"a2FybC5hcm5vbGRAcGlra2VydG9uLmNo\"><\/span><\/p>\n<\/div>\n\n\n\n<div class=\"wp-block-column slide-in-up is-layout-flow wp-block-column-is-layout-flow\">\n<figure class=\"wp-block-image size-full\"><img loading=\"lazy\" decoding=\"async\" width=\"200\" height=\"200\" src=\"https:\/\/staging.pikkerton.ch\/wp-content\/uploads\/2025\/04\/pikkerton_michael_breuss-1.webp\" alt=\"Michael Breuss\" class=\"wp-image-1324\" srcset=\"https:\/\/staging.pikkerton.ch\/wp-content\/uploads\/2025\/04\/pikkerton_michael_breuss-1.webp 200w, https:\/\/staging.pikkerton.ch\/wp-content\/uploads\/2025\/04\/pikkerton_michael_breuss-1-150x150.webp 150w\" sizes=\"auto, (max-width: 200px) 100vw, 200px\" \/><\/figure>\n\n\n\n<p><strong>Michael Breuss<\/strong><\/p>\n\n\n\n<p>Conseiller client\u00e8le Romandie<br><span class=\"my-email-obfuscator\" data-email=\"bWljaGFlbC5icmV1c3NAcGlra2VydG9uLmNo\"><\/span><\/p>\n<\/div>\n\n\n\n<div class=\"wp-block-column slide-in-up is-layout-flow wp-block-column-is-layout-flow\">\n<figure class=\"wp-block-image size-full\"><img loading=\"lazy\" decoding=\"async\" width=\"200\" height=\"200\" src=\"https:\/\/staging.pikkerton.ch\/wp-content\/uploads\/2025\/04\/pikkerton_karin_koch-1.webp\" alt=\"Karin Koch\" class=\"wp-image-1330\" srcset=\"https:\/\/staging.pikkerton.ch\/wp-content\/uploads\/2025\/04\/pikkerton_karin_koch-1.webp 200w, https:\/\/staging.pikkerton.ch\/wp-content\/uploads\/2025\/04\/pikkerton_karin_koch-1-150x150.webp 150w\" sizes=\"auto, (max-width: 200px) 100vw, 200px\" \/><\/figure>\n\n\n\n<p><strong>Karin Koch<\/strong><\/p>\n\n\n\n<p>Conseill\u00e8re client\u00e8le Agriculture<br><span class=\"my-email-obfuscator\" data-email=\"a2FyaW4ua29jaEBwaWtrZXJ0b24uY2g=\"><\/span><\/p>\n<\/div>\n\n\n\n<div class=\"wp-block-column slide-in-up is-layout-flow wp-block-column-is-layout-flow\">\n<figure class=\"wp-block-image size-full\"><img loading=\"lazy\" decoding=\"async\" width=\"200\" height=\"200\" src=\"https:\/\/staging.pikkerton.ch\/wp-content\/uploads\/2025\/03\/pikkerton_hanspeter_aeschlimann.webp\" alt=\"Hanspeter Aeschlimann\" class=\"wp-image-1048\" srcset=\"https:\/\/staging.pikkerton.ch\/wp-content\/uploads\/2025\/03\/pikkerton_hanspeter_aeschlimann.webp 200w, https:\/\/staging.pikkerton.ch\/wp-content\/uploads\/2025\/03\/pikkerton_hanspeter_aeschlimann-150x150.webp 150w\" sizes=\"auto, (max-width: 200px) 100vw, 200px\" \/><\/figure>\n\n\n\n<p><strong>Hanspeter<\/strong> <strong>Aeschlimann<\/strong><\/p>\n\n\n\n<p>Ing\u00e9nieur concepteur<br>dipl. Masch. Ing. HTL<br><span class=\"my-email-obfuscator\" data-email=\"aGFuc3BldGVyLmFlc2NobGltYW5uQHBpa2tlcnRvbi5jaA==\"><\/span><\/p>\n<\/div>\n<\/div>\n<\/section>\n\n\n\n<section class=\"wp-block-group alignfull is-layout-constrained wp-block-group-is-layout-constrained\">\n<div class=\"wp-block-group alignwide is-layout-constrained wp-block-group-is-layout-constrained\">\n<div class=\"wp-block-media-text alignfull is-stacked-on-mobile\"><figure class=\"wp-block-media-text__media\"><img loading=\"lazy\" decoding=\"async\" width=\"676\" height=\"676\" src=\"https:\/\/staging.pikkerton.ch\/wp-content\/uploads\/2025\/02\/pikkerton_peter-arnold_ewl.webp\" alt=\"Peter Arnold et un collaborateur d'ewl Lucerne analysent ensemble les d\u00e9tails des valeurs mesur\u00e9es sur le smartphone.\" class=\"wp-image-634 size-full\" srcset=\"https:\/\/staging.pikkerton.ch\/wp-content\/uploads\/2025\/02\/pikkerton_peter-arnold_ewl.webp 676w, https:\/\/staging.pikkerton.ch\/wp-content\/uploads\/2025\/02\/pikkerton_peter-arnold_ewl-300x300.webp 300w, https:\/\/staging.pikkerton.ch\/wp-content\/uploads\/2025\/02\/pikkerton_peter-arnold_ewl-150x150.webp 150w\" sizes=\"auto, (max-width: 676px) 100vw, 676px\" \/><\/figure><div class=\"wp-block-media-text__content\">\n<h2 class=\"wp-block-heading slide-in-right\">Des syst\u00e8mes de capteurs sur lesquels vous pouvez compter<\/h2>\n\n\n\n<p class=\"slide-in-right\">pikkerton Schweiz AG d\u00e9veloppe et installe des syst\u00e8mes de mesure et de surveillance innovants qui aident les entreprises et les usines \u00e0 travailler de mani\u00e8re plus efficace, plus s\u00fbre et plus durable. Fond\u00e9e en 2018 en tant qu&rsquo;entreprise ind\u00e9pendante issue de la soci\u00e9t\u00e9 de distribution berlinoise pikkerton GmbH et aujourd&rsquo;hui partenaire commercial de Systec Controls GmbH, pikkerton Schweiz AG est devenue un partenaire fiable pour les solutions dans les domaines de la mesure de d\u00e9bit par ultrasons, de la surveillance des mouvements et des personnes, de la pr\u00e9vention, du contr\u00f4le et de l&rsquo;optimisation des processus..<\/p>\n\n\n\n<p class=\"is-style-paragraph-medium slide-in-right is-style-paragraph-medium--1\"><strong><strong>Vous souhaitez mesurer et surveiller vos installations de mani\u00e8re intelligente ? Contactez-nous pour un conseil personnalis\u00e9.<\/strong><\/strong><\/p>\n\n\n\n<div class=\"wp-block-buttons slide-in-up is-layout-flex wp-block-buttons-is-layout-flex\">\n<div class=\"wp-block-button\"><a class=\"wp-block-button__link wp-element-button\" href=\"tel:\u200b+41416624917\">\u200b+41 41 662 49 17<\/a><\/div>\n\n\n\n<div class=\"wp-block-button\"><a class=\"wp-block-button__link wp-element-button\" href=\"mailtoinfo@pikkerton.ch\">info@pikkerton.ch<\/a><\/div>\n<\/div>\n<\/div><\/div>\n<\/div>\n<\/section>\n\n\n\n<section class=\"wp-block-group alignfull is-layout-constrained wp-block-group-is-layout-constrained\">\n<div class=\"wp-block-group is-layout-constrained wp-block-group-is-layout-constrained\">\n<div class=\"wp-block-group text-wide-centered is-layout-constrained wp-block-group-is-layout-constrained\">\n<h2 class=\"wp-block-heading slide-in-left\">Des solutions innovantes \u00e0 l&rsquo;essai<\/h2>\n\n\n\n<p class=\"is-style-paragraph-medium slide-in-left is-style-paragraph-medium--2\">Chez pikkerton, nous d\u00e9veloppons en permanence de nouvelles solutions de capteurs pour les domaines d&rsquo;application les plus divers afin d&rsquo;am\u00e9liorer les processus qui optimisent la s\u00e9curit\u00e9 dans les entreprises, permettent une utilisation optimale des ressources naturelles et augmentent la rentabilit\u00e9.<\/p>\n\n\n\n<p class=\"is-style-paragraph-medium slide-in-left is-style-paragraph-medium--3\">Les nouveaux projets suivants montrent \u00e0 quel point les solutions de pikkerton sont polyvalentes et adaptables afin de r\u00e9pondre de mani\u00e8re cibl\u00e9e aux exigences individuelles dans l&rsquo;agriculture et dans d&rsquo;autres domaines.<\/p>\n<\/div>\n\n\n\n<details class=\"wp-block-details slide-in-right is-layout-flow wp-block-details-is-layout-flow\"><summary>A\u00e9ration du foin<\/summary>\n<p>Un projet innovant de ventilation par le foin est actuellement en cours de d\u00e9veloppement. L&rsquo;air chaud qui s&rsquo;accumule dans l&rsquo;espace entre le toit et l&rsquo;installation photovolta\u00efque est exploit\u00e9 pour la ventilation par le foin gr\u00e2ce \u00e0 un syst\u00e8me d&rsquo;aspiration sophistiqu\u00e9. La chaleur disponible peut ainsi \u00eatre utilis\u00e9e \u00e0 d&rsquo;autres fins. La pr\u00e9vention des incendies \u00e9tant une priorit\u00e9 absolue pour l&rsquo;entreprise \u00e0 l&rsquo;origine de ce projet de d\u00e9veloppement, des cam\u00e9ras thermiques assist\u00e9es par IA surveillent les panneaux photovolta\u00efques et des capteurs ultrasensibles d\u00e9tectent simultan\u00e9ment la formation de fum\u00e9e. Les cam\u00e9ras thermiques d\u00e9tectent les d\u00e9veloppements et les perturbations thermiques et d\u00e9clenchent imm\u00e9diatement une alarme en cas de d\u00e9passement. Si de la fum\u00e9e est d\u00e9tect\u00e9e dans l&rsquo;air entrant dans le stock de foin, celui-ci est imm\u00e9diatement isol\u00e9.<\/p>\n<\/details>\n\n\n\n<details class=\"wp-block-details slide-in-right is-layout-flow wp-block-details-is-layout-flow\"><summary><strong><strong>Surveillance thermique des installations photovolta\u00efques<\/strong><\/strong><\/summary>\n<p>En raison de la forte demande en Europe, les panneaux photovolta\u00efques sont livr\u00e9s et install\u00e9s dans diff\u00e9rentes qualit\u00e9s. Entre leur fabrication et leur montage, les modules sont soumis \u00e0 divers processus de travail contraignants. Cela peut entra\u00eener l&rsquo;apparition de fissures invisibles et de cassures. Celles-ci r\u00e9duisent les performances et peuvent \u00e9galement provoquer des incendies.<\/p>\n\n\n\n<p>La plupart du temps, ces probl\u00e8mes n&rsquo;apparaissent qu&rsquo;apr\u00e8s un certain temps de mise en service. Une surveillance continue des panneaux photovolta\u00efques permet de d\u00e9tecter les points chauds d\u00e8s leur apparition et de prendre les mesures qui s&rsquo;imposent.<\/p>\n\n\n\n<p>pikkerton surveille les installations photovolta\u00efques \u00e0 l&rsquo;aide de cam\u00e9ras thermiques sp\u00e9cialement con\u00e7ues \u00e0 cet effet. Outre la d\u00e9tection de la chaleur, le d\u00e9clenchement d&rsquo;une alarme est essentiel. En cas de sinistre, il est souvent n\u00e9cessaire de tenir compte du temps \u00e9coul\u00e9 entre l&rsquo;apparition de la chaleur et le d\u00e9veloppement de l&rsquo;incendie. La plateforme de donn\u00e9es de pikkerton enregistre les donn\u00e9es et les met ensuite \u00e0 disposition pour des p\u00e9riodes individuelles.<\/p>\n<\/details>\n\n\n\n<details class=\"wp-block-details slide-in-right is-layout-flow wp-block-details-is-layout-flow\"><summary>Produktionsraum\u00ad\u00fcberwachung Blockheizkraft<\/summary>\n<p>Blockheizkraftwerke verbrennen Abf\u00e4lle aus der Holzindustrie mittels Vergasung. Damit werden Motoren betrieben, die Generatoren antreiben und Strom produzieren. Aus der K\u00fchlung von Motor, Generator und Vergasungsk\u00fchlung entsteht heisses Wasser, welches wiederum zu Heizzwecken und Aufbereitung von Warmwasser genutzt werden kann. In solchen Anlagen entstehen neben W\u00e4rme auch Gase wie CO<sub>2<\/sub> oder CO (Kohlenmonoxid). Die W\u00e4rmeentwicklung wird mit unseren W\u00e4rmebildkameras online \u00fcberwacht, w\u00e4hrend Gase \u00fcber Standard-Schnittstellen die Informationen online liefern.<\/p>\n<\/details>\n\n\n\n<details class=\"wp-block-details slide-in-right is-layout-flow wp-block-details-is-layout-flow\"><summary>Mesure de la consommation d&rsquo;\u00e9nergie par ultrasons<\/summary>\n<p>Les grandes installations de production sont constamment agrandies et modernis\u00e9es. Il faut donc \u00e9galement d\u00e9velopper les syst\u00e8mes de chauffage et de chauffage urbain. Souvent, ceux-ci ne disposent pas de syst\u00e8mes de mesure d&rsquo;\u00e9nergie ou ceux-ci sont trop co\u00fbteux \u00e0 installer. Nos d\u00e9bitm\u00e8tres \u00e0 ultrasons mesurent le d\u00e9bit d&rsquo;eau. Il est \u00e9galement possible de mesurer l&rsquo;\u00e9nergie fournie en enregistrant la diff\u00e9rence de temp\u00e9rature entre le d\u00e9part et le retour. Les donn\u00e9es sont transmises via des interfaces telles que NB-IoT, 4-20 mA, etc. Un tel syst\u00e8me de mesure peut \u00eatre install\u00e9 et mis en service en tr\u00e8s peu de temps.<\/p>\n<\/details>\n\n\n\n<details class=\"wp-block-details slide-in-right is-layout-flow wp-block-details-is-layout-flow\"><summary>Mesure de la charge de neige sur les grands toits<\/summary>\n<p>Les charges importantes de neige sur les toits \u00e9quip\u00e9s d&rsquo;installations photovolta\u00efques pr\u00e9sentent des risques \u00e9lev\u00e9s, car les modules photovolta\u00efques peuvent se briser. Ces bris ne sont souvent pas visibles, mais peuvent entra\u00eener des dysfonctionnements, voire des incendies pendant le fonctionnement. pikkerton a d\u00e9velopp\u00e9 un syst\u00e8me de mesure de la charge de neige qui transmet en continu les donn\u00e9es mesur\u00e9es via NB-IoT sans alimentation \u00e9lectrique filaire.<\/p>\n<\/details>\n\n\n\n<details class=\"wp-block-details slide-in-right is-layout-flow wp-block-details-is-layout-flow\"><summary>Mesure du d\u00e9bit dans l&rsquo;industrie laiti\u00e8re<\/summary>\n<p>L&rsquo;industrie laiti\u00e8re consomme d&rsquo;\u00e9normes quantit\u00e9s d&rsquo;eau pour ses diff\u00e9rents syst\u00e8mes de distribution. Pour analyser les quantit\u00e9s d&rsquo;eau pr\u00e9lev\u00e9es et utilis\u00e9es, nous avons d\u00e9velopp\u00e9 un syst\u00e8me mobile de mesure du d\u00e9bit par ultrasons qui transmet en quelques minutes les donn\u00e9es de consommation via des interfaces orient\u00e9es utilisateur (4-20 mA, 1-10 V, NB-IoT, connexion au syst\u00e8me de contr\u00f4le, etc.).<\/p>\n<\/details>\n<\/div>\n<\/section>\n","protected":false},"excerpt":{"rendered":"<p>Les t\u00eates derri\u00e8re pikkerton Schweiz Peter M. Arnold Responsable des ventes et des projetsdipl. El. Ing. HTL Dr. Peter Barmettler Business Development Manager Karl Arnold Conseiller client\u00e8le Suisse al\u00e9maniqueTechnischer Kaufmann FA Michael Breuss Conseiller client\u00e8le Romandie Karin Koch Conseill\u00e8re client\u00e8le Agriculture Hanspeter Aeschlimann Ing\u00e9nieur concepteurdipl. Masch. Ing. HTL Des syst\u00e8mes de capteurs sur lesquels vous [&hellip;]<\/p>\n","protected":false},"author":1,"featured_media":0,"parent":0,"menu_order":13,"comment_status":"closed","ping_status":"closed","template":"","meta":{"_acf_changed":false,"footnotes":""},"class_list":["post-1358","page","type-page","status-publish","hentry"],"acf":{"seo-indexing-option":true,"seo-og-title":"Des sp\u00e9cialistes exp\u00e9riment\u00e9s chez pikkerton","seo-meta-description":"Nous d\u00e9veloppons et installons des syst\u00e8mes de mesure et de surveillance innovants. Ils rendent les entreprises plus efficaces, plus s\u00fbres et plus durables.","seo-og-image":""},"_links":{"self":[{"href":"https:\/\/staging.pikkerton.ch\/fr\/wp-json\/wp\/v2\/pages\/1358","targetHints":{"allow":["GET"]}}],"collection":[{"href":"https:\/\/staging.pikkerton.ch\/fr\/wp-json\/wp\/v2\/pages"}],"about":[{"href":"https:\/\/staging.pikkerton.ch\/fr\/wp-json\/wp\/v2\/types\/page"}],"author":[{"embeddable":true,"href":"https:\/\/staging.pikkerton.ch\/fr\/wp-json\/wp\/v2\/users\/1"}],"replies":[{"embeddable":true,"href":"https:\/\/staging.pikkerton.ch\/fr\/wp-json\/wp\/v2\/comments?post=1358"}],"version-history":[{"count":16,"href":"https:\/\/staging.pikkerton.ch\/fr\/wp-json\/wp\/v2\/pages\/1358\/revisions"}],"predecessor-version":[{"id":1551,"href":"https:\/\/staging.pikkerton.ch\/fr\/wp-json\/wp\/v2\/pages\/1358\/revisions\/1551"}],"wp:attachment":[{"href":"https:\/\/staging.pikkerton.ch\/fr\/wp-json\/wp\/v2\/media?parent=1358"}],"curies":[{"name":"wp","href":"https:\/\/api.w.org\/{rel}","templated":true}]}}