{"id":1361,"date":"2024-12-13T15:31:54","date_gmt":"2024-12-13T15:31:54","guid":{"rendered":"https:\/\/staging.pikkerton.ch\/impressum\/"},"modified":"2025-05-19T11:50:26","modified_gmt":"2025-05-19T11:50:26","slug":"impressum","status":"publish","type":"page","link":"https:\/\/staging.pikkerton.ch\/fr\/impressum\/","title":{"rendered":"Impressum"},"content":{"rendered":"\n<section class=\"wp-block-group alignfull is-layout-constrained wp-block-group-is-layout-constrained\">\n<h1 class=\"wp-block-heading is-style-default\">Impressum<\/h1>\n\n\n\n<div style=\"height:80px\" aria-hidden=\"true\" class=\"wp-block-spacer\"><\/div>\n\n\n\n<h2 class=\"wp-block-heading\">\u00c9diteur<\/h2>\n\n\n\n<p>pikkerton Schweiz AG<br>Stansstaderstrasse 54<br>6370 Stans<br><span class=\"my-email-obfuscator\" data-email=\"bXVzdGVyQGVtYWlsLmNo\"><\/span><span class=\"my-email-obfuscator\" data-email=\"aW5mb0BwaWtrZXJ0b24uY2g=\"><\/span><\/p>\n\n\n\n<div style=\"height:60px\" aria-hidden=\"true\" class=\"wp-block-spacer\"><\/div>\n\n\n\n<h2 class=\"wp-block-heading\">Conception et mise en \u0153uvre<\/h2>\n\n\n\n<p>Schmucki Agentur f\u00fcr Kommunikation AG<br>8610 Uster<br><a href=\"https:\/\/agenturschmucki.ch\" target=\"_blank\" rel=\"noreferrer noopener\">agenturschmucki.ch<\/a><\/p>\n\n\n\n<div style=\"height:60px\" aria-hidden=\"true\" class=\"wp-block-spacer\"><\/div>\n\n\n\n<h2 class=\"wp-block-heading\">Clause de non-responsabilit\u00e9<\/h2>\n\n\n\n<p>L&rsquo;auteur d\u00e9cline toute responsabilit\u00e9 quant \u00e0 l&rsquo;exactitude, la pr\u00e9cision, l&rsquo;actualit\u00e9, la fiabilit\u00e9 et l&rsquo;exhaustivit\u00e9 des informations fournies.<br>Toute responsabilit\u00e9 de l&rsquo;auteur pour des dommages mat\u00e9riels ou immat\u00e9riels r\u00e9sultant de l&rsquo;acc\u00e8s, de l&rsquo;utilisation ou de la non-utilisation des informations publi\u00e9es, d&rsquo;une mauvaise utilisation de la connexion ou de d\u00e9fauts techniques est exclue.<br>Toutes les offres sont sans engagement. L&rsquo;auteur se r\u00e9serve express\u00e9ment le droit de modifier, compl\u00e9ter ou supprimer tout ou partie des pages ou de l&rsquo;offre sans pr\u00e9avis, ou d&rsquo;en suspendre temporairement ou d\u00e9finitivement la publication.<\/p>\n\n\n\n<div style=\"height:60px\" aria-hidden=\"true\" class=\"wp-block-spacer\"><\/div>\n\n\n\n<h2 class=\"wp-block-heading\">Responsabilit\u00e9 relative aux liens<\/h2>\n\n\n\n<p>Les renvois et liens vers des sites Internet tiers ne rel\u00e8vent pas de notre responsabilit\u00e9. Nous d\u00e9clinons toute responsabilit\u00e9 pour ces sites Internet. L&rsquo;acc\u00e8s \u00e0 ces sites Internet et leur utilisation se font aux risques et p\u00e9rils de l&rsquo;utilisateur ou de l&rsquo;utilisatrice.<\/p>\n\n\n\n<div style=\"height:60px\" aria-hidden=\"true\" class=\"wp-block-spacer\"><\/div>\n\n\n\n<h2 class=\"wp-block-heading\">Droits d&rsquo;auteur<\/h2>\n\n\n\n<p>Les droits d&rsquo;auteur et tous les autres droits relatifs aux contenus, images, photos ou autres fichiers figurant sur le site web appartiennent exclusivement \u00e0 l&rsquo;\u00e9diteur susmentionn\u00e9 ou aux d\u00e9tenteurs de droits express\u00e9ment mentionn\u00e9s. La reproduction de tout \u00e9l\u00e9ment n\u00e9cessite l&rsquo;accord \u00e9crit pr\u00e9alable des d\u00e9tenteurs des droits d&rsquo;auteur.<\/p>\n<\/section>\n","protected":false},"excerpt":{"rendered":"<p>Impressum \u00c9diteur pikkerton Schweiz AGStansstaderstrasse 546370 Stans Conception et mise en \u0153uvre Schmucki Agentur f\u00fcr Kommunikation AG8610 Usteragenturschmucki.ch Clause de non-responsabilit\u00e9 L&rsquo;auteur d\u00e9cline toute responsabilit\u00e9 quant \u00e0 l&rsquo;exactitude, la pr\u00e9cision, l&rsquo;actualit\u00e9, la fiabilit\u00e9 et l&rsquo;exhaustivit\u00e9 des informations fournies.Toute responsabilit\u00e9 de l&rsquo;auteur pour des dommages mat\u00e9riels ou immat\u00e9riels r\u00e9sultant de l&rsquo;acc\u00e8s, de l&rsquo;utilisation ou de la [&hellip;]<\/p>\n","protected":false},"author":1,"featured_media":0,"parent":0,"menu_order":17,"comment_status":"closed","ping_status":"closed","template":"","meta":{"_acf_changed":false,"footnotes":""},"class_list":["post-1361","page","type-page","status-publish","hentry"],"acf":{"seo-indexing-option":true,"seo-og-title":"Impressum pikkerton Schweiz","seo-meta-description":"Impressum pikkerton Schweiz AG","seo-og-image":""},"_links":{"self":[{"href":"https:\/\/staging.pikkerton.ch\/fr\/wp-json\/wp\/v2\/pages\/1361","targetHints":{"allow":["GET"]}}],"collection":[{"href":"https:\/\/staging.pikkerton.ch\/fr\/wp-json\/wp\/v2\/pages"}],"about":[{"href":"https:\/\/staging.pikkerton.ch\/fr\/wp-json\/wp\/v2\/types\/page"}],"author":[{"embeddable":true,"href":"https:\/\/staging.pikkerton.ch\/fr\/wp-json\/wp\/v2\/users\/1"}],"replies":[{"embeddable":true,"href":"https:\/\/staging.pikkerton.ch\/fr\/wp-json\/wp\/v2\/comments?post=1361"}],"version-history":[{"count":2,"href":"https:\/\/staging.pikkerton.ch\/fr\/wp-json\/wp\/v2\/pages\/1361\/revisions"}],"predecessor-version":[{"id":1554,"href":"https:\/\/staging.pikkerton.ch\/fr\/wp-json\/wp\/v2\/pages\/1361\/revisions\/1554"}],"wp:attachment":[{"href":"https:\/\/staging.pikkerton.ch\/fr\/wp-json\/wp\/v2\/media?parent=1361"}],"curies":[{"name":"wp","href":"https:\/\/api.w.org\/{rel}","templated":true}]}}