{"id":1362,"date":"2024-12-13T15:14:00","date_gmt":"2024-12-13T15:14:00","guid":{"rendered":"https:\/\/staging.pikkerton.ch\/datenschutzerklaerung\/"},"modified":"2025-05-20T08:28:55","modified_gmt":"2025-05-20T08:28:55","slug":"politique-de-confidentialite","status":"publish","type":"page","link":"https:\/\/staging.pikkerton.ch\/fr\/politique-de-confidentialite\/","title":{"rendered":"Politique de confidentialit\u00e9"},"content":{"rendered":"\n<section class=\"wp-block-group alignfull is-layout-constrained wp-block-group-is-layout-constrained\">\n<div class=\"wp-block-group is-layout-constrained wp-block-group-is-layout-constrained\">\n<h1 class=\"wp-block-heading is-style-default\"><strong>Politique de confidentialit\u00e9<\/strong><\/h1>\n\n\n\n<div style=\"height:80px\" aria-hidden=\"true\" class=\"wp-block-spacer\"><\/div>\n\n\n\n<p>Nous accordons une grande importance \u00e0 la transparence dans le traitement des donn\u00e9es personnelles. La pr\u00e9sente d\u00e9claration de confidentialit\u00e9 fournit des informations sur les donn\u00e9es personnelles que nous collectons, les finalit\u00e9s pour lesquelles nous les collectons et les personnes auxquelles nous les transmettons.<\/p>\n<\/div>\n\n\n\n<div class=\"wp-block-group is-layout-constrained wp-block-group-is-layout-constrained\">\n<div style=\"height:60px\" aria-hidden=\"true\" class=\"wp-block-spacer\"><\/div>\n\n\n\n<h2 class=\"wp-block-heading\"><strong>1. <strong>Les services que nous utilisons<\/strong><\/strong><\/h2>\n\n\n\n<p>WordPress<\/p>\n<\/div>\n\n\n\n<div class=\"wp-block-group is-layout-constrained wp-block-group-is-layout-constrained\">\n<div style=\"height:60px\" aria-hidden=\"true\" class=\"wp-block-spacer\"><\/div>\n\n\n\n<h2 class=\"wp-block-heading\"><strong><strong>2. <strong>Coordonn\u00e9es<\/strong><\/strong><\/strong><\/h2>\n\n\n\n<p>Si vous avez des questions ou des pr\u00e9occupations concernant la protection de vos donn\u00e9es, vous pouvez nous contacter \u00e0 tout moment par e-mail \u00e0 l&rsquo;adresse <span class=\"my-email-obfuscator\" data-email=\"aW5mb0BwaWtrZXJ0b24uY2g=\"><\/span>. Le responsable du traitement des donn\u00e9es effectu\u00e9es via ce site web est:<\/p>\n\n\n\n<p>pikkerton Schweiz AG<br>Stansstaderstrasse 54<br>6370 Stans<\/p>\n<\/div>\n\n\n\n<div class=\"wp-block-group is-layout-constrained wp-block-group-is-layout-constrained\">\n<div style=\"height:60px\" aria-hidden=\"true\" class=\"wp-block-spacer\"><\/div>\n\n\n\n<h2 class=\"wp-block-heading\"><strong><strong><strong>3. <strong>Principes g\u00e9n\u00e9raux<\/strong><\/strong><\/strong><\/strong><\/h2>\n\n\n\n<h3 class=\"wp-block-heading\"><strong><strong><strong><strong>3.1 <strong>Quelles donn\u00e9es collectons-nous \u00e0 votre sujet et aupr\u00e8s de qui les obtenons-nous ?<\/strong><\/strong><\/strong><\/strong><\/strong><\/h3>\n\n\n\n<p>Nous traitons principalement les donn\u00e9es personnelles que vous nous transmettez ou que nous collectons lors de l&rsquo;utilisation de notre site web. Dans certains cas, nous pouvons \u00e9galement obtenir des donn\u00e9es personnelles vous concernant aupr\u00e8s de tiers. Il peut s&rsquo;agir des cat\u00e9gories suivantes :<\/p>\n\n\n\n<ul class=\"wp-block-list\">\n<li>donn\u00e9es particuli\u00e8rement sensibles (par exemple, donn\u00e9es biom\u00e9triques ou informations relatives \u00e0 votre sant\u00e9).<\/li>\n<\/ul>\n\n\n\n<ul class=\"wp-block-list\">\n<li>Donn\u00e9es personnelles de base (nom, adresse, date de naissance, etc.) ;<\/li>\n\n\n\n<li>coordonn\u00e9es (num\u00e9ro de t\u00e9l\u00e9phone portable, adresse e-mail, etc.) ;<\/li>\n\n\n\n<li>donn\u00e9es financi\u00e8res (par exemple, coordonn\u00e9es bancaires) ;<\/li>\n\n\n\n<li>identifiants en ligne (par exemple, identifiant de cookie, adresses IP) ;<\/li>\n\n\n\n<li>donn\u00e9es de localisation et de trafic ;<\/li>\n\n\n\n<li>Enregistrements audio et vid\u00e9o ;<\/li>\n<\/ul>\n<\/div>\n\n\n\n<div class=\"wp-block-group is-layout-constrained wp-block-group-is-layout-constrained\">\n<div style=\"height:60px\" aria-hidden=\"true\" class=\"wp-block-spacer\"><\/div>\n\n\n\n<h3 class=\"wp-block-heading\"><strong><strong><strong><strong><strong>3.2 <strong>Dans quelles conditions traitons-nous vos donn\u00e9es ?<\/strong><\/strong><\/strong><\/strong><\/strong><\/strong><\/h3>\n\n\n\n<p>Nous traitons vos donn\u00e9es de mani\u00e8re confidentielle et conform\u00e9ment aux finalit\u00e9s d\u00e9finies dans la pr\u00e9sente d\u00e9claration de confidentialit\u00e9. Nous veillons \u00e0 ce que le traitement soit transparent et proportionn\u00e9.<\/p>\n\n\n\n<p>Si, dans des cas exceptionnels, nous ne sommes pas en mesure de respecter ces principes, le traitement des donn\u00e9es peut n\u00e9anmoins \u00eatre l\u00e9gal en raison d&rsquo;un motif justificatif. Les motifs justificatifs suivants peuvent notamment \u00eatre invoqu\u00e9s :<\/p>\n\n\n\n<ul class=\"wp-block-list\">\n<li>votre consentement;<\/li>\n\n\n\n<li>l&rsquo;ex\u00e9cution d&rsquo;un contrat ou de mesures pr\u00e9contractuelles ;<\/li>\n\n\n\n<li>nos int\u00e9r\u00eats l\u00e9gitimes, \u00e0 condition que vos int\u00e9r\u00eats ne pr\u00e9valent pas.<\/li>\n<\/ul>\n<\/div>\n\n\n\n<div class=\"wp-block-group is-layout-constrained wp-block-group-is-layout-constrained\">\n<div style=\"height:60px\" aria-hidden=\"true\" class=\"wp-block-spacer\"><\/div>\n\n\n\n<h3 class=\"wp-block-heading\"><strong><strong><strong><strong><strong><strong>3.3 <strong>Comment pouvez-vous r\u00e9voquer votre consentement ?<\/strong><\/strong><\/strong><\/strong><\/strong><\/strong><\/strong><\/h3>\n\n\n\n<p>Si vous nous avez donn\u00e9 votre consentement au traitement de vos donn\u00e9es \u00e0 caract\u00e8re personnel \u00e0 des fins sp\u00e9cifiques, nous traitons vos donn\u00e9es dans le cadre de ce consentement, sauf si nous avons un autre motif l\u00e9gitime.<\/p>\n\n\n\n<p>Vous pouvez \u00e0 tout moment r\u00e9voquer votre consentement en envoyant un e-mail \u00e0 l&rsquo;adresse indiqu\u00e9e dans les mentions l\u00e9gales. Les traitements de donn\u00e9es d\u00e9j\u00e0 effectu\u00e9s ne sont pas concern\u00e9s par cette r\u00e9vocation.<\/p>\n<\/div>\n\n\n\n<div class=\"wp-block-group is-layout-constrained wp-block-group-is-layout-constrained\">\n<div style=\"height:60px\" aria-hidden=\"true\" class=\"wp-block-spacer\"><\/div>\n\n\n\n<h3 class=\"wp-block-heading\"><strong><strong><strong><strong><strong><strong><strong>3.4 <strong>Dans quels cas pouvons-nous transmettre vos donn\u00e9es \u00e0 des tiers ?<\/strong><\/strong><\/strong><\/strong><\/strong><\/strong><\/strong><\/strong><\/h3>\n\n\n\n<div class=\"wp-block-group is-layout-constrained wp-block-group-is-layout-constrained\">\n<h4 class=\"wp-block-heading\"><strong><strong><strong><strong><strong><strong><strong><strong>a. Principe<\/strong><\/strong><\/strong><\/strong><\/strong><\/strong><\/strong><\/strong><\/h4>\n\n\n\n<p>Nous pouvons \u00eatre amen\u00e9s \u00e0 faire appel aux services de tiers ou d&rsquo;entreprises li\u00e9es et \u00e0 leur confier le traitement de vos donn\u00e9es (ce que l&rsquo;on appelle des sous-traitants). Les cat\u00e9gories de destinataires sont notamment les suivantes :<\/p>\n\n\n\n<ul class=\"wp-block-list\">\n<li>Comptabilit\u00e9, fiduciaires et soci\u00e9t\u00e9s d&rsquo;audit;<\/li>\n\n\n\n<li>soci\u00e9t\u00e9s de conseil (conseil juridique, fiscal, etc.);<\/li>\n\n\n\n<li>prestataires de services informatiques (h\u00e9bergement web, assistance, services cloud, conception de sites web, etc.);<\/li>\n\n\n\n<li>prestataires de services de paiement;<\/li>\n\n\n\n<li>prestataires de services de suivi, de conversion et de publicit\u00e9.<\/li>\n<\/ul>\n\n\n\n<p>Nous veillons \u00e0 ce que ces tiers et nos soci\u00e9t\u00e9s affili\u00e9es respectent les exigences en mati\u00e8re de protection des donn\u00e9es et traitent vos donn\u00e9es \u00e0 caract\u00e8re personnel de mani\u00e8re confidentielle.<\/p>\n\n\n\n<p>Dans certaines circonstances, nous pouvons \u00e9galement \u00eatre tenus de divulguer vos donn\u00e9es \u00e0 caract\u00e8re personnel aux autorit\u00e9s.<\/p>\n<\/div>\n\n\n\n<div class=\"wp-block-group is-layout-constrained wp-block-group-is-layout-constrained\">\n<h4 class=\"wp-block-heading\"><strong><strong><strong><strong><strong><strong><strong><strong><strong>b. <strong>Rendez-vous sur nos r\u00e9seaux sociaux<\/strong><\/strong><\/strong><\/strong><\/strong><\/strong><\/strong><\/strong><\/strong><\/strong><\/h4>\n\n\n\n<p>Nous avons \u00e9ventuellement int\u00e9gr\u00e9 des liens vers nos r\u00e9seaux sociaux sur notre site web. Ceux-ci sont clairement visibles (g\u00e9n\u00e9ralement gr\u00e2ce \u00e0 des ic\u00f4nes correspondantes). En cliquant sur ces ic\u00f4nes, vous serez redirig\u00e9 vers nos r\u00e9seaux sociaux.<\/p>\n\n\n\n<p>Dans ce cas, les fournisseurs de r\u00e9seaux sociaux sont inform\u00e9s que vous acc\u00e9dez \u00e0 leur plateforme depuis notre site web. Les fournisseurs de r\u00e9seaux sociaux peuvent utiliser les donn\u00e9es ainsi collect\u00e9es \u00e0 leurs propres fins. Nous tenons \u00e0 souligner que nous n&rsquo;avons aucune connaissance du contenu des donn\u00e9es transmises ni de leur utilisation par les exploitants.<\/p>\n<\/div>\n\n\n\n<div class=\"wp-block-group is-layout-constrained wp-block-group-is-layout-constrained\">\n<h4 class=\"wp-block-heading\"><strong><strong><strong><strong><strong><strong><strong><strong><strong><strong>c. <strong>Transmission \u00e0 l&rsquo;\u00e9tranger<\/strong><\/strong><\/strong><\/strong><\/strong><\/strong><\/strong><\/strong><\/strong><\/strong><\/strong><\/h4>\n\n\n\n<p>Dans certains cas, vos donn\u00e9es personnelles peuvent \u00eatre transmises \u00e0 des entreprises situ\u00e9es \u00e0 l&rsquo;\u00e9tranger dans le cadre du traitement de votre commande. Ces entreprises sont soumises aux m\u00eames obligations de confidentialit\u00e9 que nous. La transmission peut avoir lieu dans le monde entier.<\/p>\n\n\n\n<p>Si le niveau de protection des donn\u00e9es n&rsquo;est pas \u00e9quivalent \u00e0 celui de la Suisse, nous proc\u00e9dons \u00e0 une \u00e9valuation pr\u00e9alable des risques et veillons par voie contractuelle \u00e0 ce que la m\u00eame protection que celle garantie en Suisse soit assur\u00e9e (par exemple au moyen des nouvelles clauses contractuelles types de la Commission europ\u00e9enne ou d&rsquo;autres mesures pr\u00e9vues par la loi). Si notre \u00e9valuation des risques s&rsquo;av\u00e8re n\u00e9gative, nous prenons des mesures techniques suppl\u00e9mentaires pour prot\u00e9ger vos donn\u00e9es. Vous pouvez consulter les clauses contractuelles types de la Commission europ\u00e9enne en cliquant sur le lien suivant : <a href=\"https:\/\/commission.europa.eu\/publications\/standard-contractual-clauses-controllers-and-processors-eueea_de\">https:\/\/commission.europa.eu\/publications\/standard-contractual-clauses-controllers-and-processors-eueea_de<\/a><\/p>\n<\/div>\n<\/div>\n\n\n\n<div class=\"wp-block-group is-layout-constrained wp-block-group-is-layout-constrained\">\n<div style=\"height:60px\" aria-hidden=\"true\" class=\"wp-block-spacer\"><\/div>\n\n\n\n<h3 class=\"wp-block-heading\"><strong><strong><strong><strong><strong><strong><strong><strong>3.5 <strong>Combien de temps conservons-nous vos donn\u00e9es ?<\/strong><\/strong><\/strong><\/strong><\/strong><\/strong><\/strong><\/strong><\/strong><\/h3>\n\n\n\n<p>Nous conservons les donn\u00e9es \u00e0 caract\u00e8re personnel uniquement pendant la dur\u00e9e n\u00e9cessaire \u00e0 la r\u00e9alisation des finalit\u00e9s pour lesquelles elles ont \u00e9t\u00e9 collect\u00e9es.<\/p>\n\n\n\n<p>Les donn\u00e9es que nous enregistrons lors de votre visite sur notre site web sont conserv\u00e9es pendant douze mois. Une exception s&rsquo;applique aux donn\u00e9es d&rsquo;analyse et de suivi, qui peuvent \u00eatre conserv\u00e9es plus longtemps.<\/p>\n\n\n\n<p>Nous conservons les donn\u00e9es contractuelles plus longtemps, car nous y sommes tenus par la loi. Nous devons notamment conserver les communications commerciales, les contrats conclus et les pi\u00e8ces comptables pendant une dur\u00e9e maximale de 10 ans. Si nous n&rsquo;avons plus besoin de ces donn\u00e9es pour fournir nos services, elles sont bloqu\u00e9es et nous ne les utilisons plus qu&rsquo;\u00e0 des fins comptables et fiscales.<\/p>\n\n\n\n<p>Nous pouvons \u00eatre amen\u00e9s \u00e0 faire appel aux services de tiers ou d&rsquo;entreprises li\u00e9es et \u00e0 leur confier le traitement de vos donn\u00e9es (ce que l&rsquo;on appelle des sous-traitants). Les cat\u00e9gories de destinataires sont notamment les suivantes :<\/p>\n<\/div>\n\n\n\n<div class=\"wp-block-group is-layout-constrained wp-block-group-is-layout-constrained\">\n<div style=\"height:60px\" aria-hidden=\"true\" class=\"wp-block-spacer\"><\/div>\n\n\n\n<h3 class=\"wp-block-heading\"><strong><strong><strong><strong><strong><strong><strong><strong><strong>3.6 <strong>Comment prot\u00e9geons-nous vos donn\u00e9es ?<\/strong><\/strong><\/strong><\/strong><\/strong><\/strong><\/strong><\/strong><\/strong><\/strong><\/h3>\n\n\n\n<p>Nous conserverons vos donn\u00e9es en toute s\u00e9curit\u00e9 et prendrons toutes les mesures appropri\u00e9es pour les prot\u00e9ger contre la perte, l&rsquo;acc\u00e8s non autoris\u00e9, l&rsquo;utilisation abusive ou la modification.<\/p>\n\n\n\n<p>Nos partenaires contractuels et nos collaborateurs qui ont acc\u00e8s \u00e0 vos donn\u00e9es sont tenus de respecter les dispositions l\u00e9gales en mati\u00e8re de protection des donn\u00e9es. Dans certains cas, il sera n\u00e9cessaire que nous transmettions vos demandes \u00e0 des entreprises li\u00e9es \u00e0 nous. Dans ce cas \u00e9galement, vos donn\u00e9es seront trait\u00e9es de mani\u00e8re confidentielle.<\/p>\n\n\n\n<p>Au sein de notre site web, nous utilisons le protocole SSL (Secure Socket Layer) en association avec le niveau de cryptage le plus \u00e9lev\u00e9 pris en charge par votre navigateur.<\/p>\n<\/div>\n\n\n\n<div class=\"wp-block-group is-layout-constrained wp-block-group-is-layout-constrained\">\n<div style=\"height:60px\" aria-hidden=\"true\" class=\"wp-block-spacer\"><\/div>\n\n\n\n<h3 class=\"wp-block-heading\"><strong><strong><strong><strong><strong><strong><strong><strong><strong><strong>3.7 <strong>Quels sont vos droits?<\/strong><\/strong><\/strong><\/strong><\/strong><\/strong><\/strong><\/strong><\/strong><\/strong><\/strong><\/h3>\n\n\n\n<div class=\"wp-block-group is-layout-constrained wp-block-group-is-layout-constrained\">\n<h4 class=\"wp-block-heading\"><strong>a. D<strong>roit \u00e0 l&rsquo;information<\/strong><\/strong><\/h4>\n\n\n\n<p>Vous pouvez \u00e0 tout moment demander des informations sur les donn\u00e9es que nous avons enregistr\u00e9es \u00e0 votre sujet. Nous vous prions d&rsquo;envoyer votre demande d&rsquo;informations accompagn\u00e9e d&rsquo;une preuve d&rsquo;identit\u00e9 \u00e0 <span class=\"my-email-obfuscator\" data-email=\"aW5mb0BwaWtrZXJ0b24uY2g=\"><\/span>.<\/p>\n\n\n\n<p>Vous avez \u00e9galement le droit de recevoir vos donn\u00e9es dans un format de fichier courant si nous traitons vos donn\u00e9es de mani\u00e8re automatis\u00e9e et si <\/p>\n\n\n\n<ul class=\"wp-block-list\">\n<li>vous avez donn\u00e9 votre consentement au traitement de ces donn\u00e9es ; ou<\/li>\n\n\n\n<li>vous avez communiqu\u00e9 des donn\u00e9es dans le cadre de la conclusion ou de l&rsquo;ex\u00e9cution d&rsquo;un contrat.<\/li>\n<\/ul>\n\n\n\n<p>Nous pouvons limiter ou refuser l&rsquo;acc\u00e8s aux informations ou la remise des donn\u00e9es si cela va \u00e0 l&rsquo;encontre de nos obligations l\u00e9gales, de nos int\u00e9r\u00eats l\u00e9gitimes ou de ceux d&rsquo;un tiers.<\/p>\n\n\n\n<p>Le traitement de votre demande est soumis au d\u00e9lai l\u00e9gal de 30 jours. Toutefois, nous pouvons prolonger ce d\u00e9lai en raison d&rsquo;un volume \u00e9lev\u00e9 de demandes, pour des raisons juridiques ou techniques, ou parce que nous avons besoin d&rsquo;informations compl\u00e9mentaires de votre part. Vous serez inform\u00e9 de la prolongation du d\u00e9lai en temps utile, au moins par \u00e9crit.<\/p>\n<\/div>\n\n\n\n<div class=\"wp-block-group is-layout-constrained wp-block-group-is-layout-constrained\">\n<div style=\"height:30px\" aria-hidden=\"true\" class=\"wp-block-spacer\"><\/div>\n\n\n\n<h4 class=\"wp-block-heading\"><strong><strong>b. <strong>Suppression et rectification<\/strong><\/strong><\/strong><\/h4>\n\n\n\n<p>Vous avez \u00e0 tout moment la possibilit\u00e9 de demander la suppression ou la rectification de vos donn\u00e9es. Nous pouvons refuser votre demande si des dispositions l\u00e9gales nous obligent \u00e0 conserver vos donn\u00e9es plus longtemps ou sans modification, ou si votre demande est contraire \u00e0 une disposition l\u00e9gale.<\/p>\n\n\n\n<p>Veuillez noter que l&rsquo;exercice de vos droits peut entrer en conflit avec des accords contractuels et avoir des cons\u00e9quences sur l&rsquo;ex\u00e9cution du contrat (par exemple, r\u00e9siliation anticip\u00e9e du contrat ou frais suppl\u00e9mentaires).<\/p>\n<\/div>\n\n\n\n<div class=\"wp-block-group is-layout-constrained wp-block-group-is-layout-constrained\">\n<div style=\"height:30px\" aria-hidden=\"true\" class=\"wp-block-spacer\"><\/div>\n\n\n\n<h4 class=\"wp-block-heading\"><strong><strong><strong>c. <\/strong><\/strong><\/strong>V<strong><strong><strong><strong>oie juridique<\/strong><\/strong><\/strong><\/strong><\/h4>\n\n\n\n<p>Si vous \u00eates concern\u00e9 par le traitement de donn\u00e9es \u00e0 caract\u00e8re personnel, vous avez le droit de faire valoir vos droits devant les tribunaux ou de d\u00e9poser une plainte aupr\u00e8s de l&rsquo;autorit\u00e9 de contr\u00f4le comp\u00e9tente. En Suisse, l&rsquo;autorit\u00e9 de contr\u00f4le comp\u00e9tente est le Pr\u00e9pos\u00e9 f\u00e9d\u00e9ral \u00e0 la protection des donn\u00e9es et \u00e0 la transparence : https:\/\/www.edoeb.admin.ch<\/p>\n<\/div>\n<\/div>\n\n\n\n<div class=\"wp-block-group is-layout-constrained wp-block-group-is-layout-constrained\">\n<div style=\"height:60px\" aria-hidden=\"true\" class=\"wp-block-spacer\"><\/div>\n\n\n\n<h2 class=\"wp-block-heading\"><strong><strong>4. <strong>Op\u00e9rations individuelles de traitement des donn\u00e9es<\/strong><\/strong><\/strong><\/h2>\n\n\n\n<div class=\"wp-block-group is-layout-constrained wp-block-group-is-layout-constrained\">\n<h3 class=\"wp-block-heading\"><strong>4.1 <strong>Mise \u00e0 disposition du site web et cr\u00e9ation de fichiers journaux<\/strong><\/strong><\/h3>\n\n\n\n<p><strong><strong>Quelles informations recevons-nous et comment les utilisons-nous ?<\/strong><\/strong><\/p>\n\n\n\n<p>Lorsque vous visitez <a href=\"https:\/\/staging.pikkerton.ch\/fr\/\">pikkerton.ch<\/a>, certaines donn\u00e9es sont automatiquement enregistr\u00e9es sur nos serveurs ou sur les serveurs des services et produits que nous utilisons et\/ou avons install\u00e9s \u00e0 des fins d&rsquo;administration du syst\u00e8me, \u00e0 des fins statistiques, de s\u00e9curit\u00e9 ou de suivi. Il s&rsquo;agit des donn\u00e9es suivantes :<\/p>\n\n\n\n<ul class=\"wp-block-list\">\n<li>le nom de votre fournisseur d&rsquo;acc\u00e8s Internet<\/li>\n\n\n\n<li>votre adresse IP (dans certains cas) ;<\/li>\n\n\n\n<li>la version de votre navigateur ;<\/li>\n\n\n\n<li>le syst\u00e8me d&rsquo;exploitation de l&rsquo;ordinateur utilis\u00e9 pour acc\u00e9der \u00e0 l&rsquo;URL ;<\/li>\n\n\n\n<li>la date et l&rsquo;heure de l&rsquo;acc\u00e8s ;<\/li>\n\n\n\n<li>le site web \u00e0 partir duquel vous visitez l&rsquo;URL ;<\/li>\n\n\n\n<li>les mots-cl\u00e9s que vous avez utilis\u00e9s pour trouver l&rsquo;URL.<\/li>\n<\/ul>\n\n\n\n<p><strong><strong>Pourquoi sommes-nous autoris\u00e9s \u00e0 traiter ces donn\u00e9es ?<\/strong><\/strong><\/p>\n\n\n\n<p>Ces donn\u00e9es ne peuvent \u00eatre attribu\u00e9es \u00e0 aucune personne en particulier et ne sont pas recoup\u00e9es avec d&rsquo;autres sources de donn\u00e9es. Les fichiers journaux sont enregistr\u00e9s afin de garantir le bon fonctionnement du site web et d&rsquo;assurer la s\u00e9curit\u00e9 de nos syst\u00e8mes informatiques. Cela constitue notre int\u00e9r\u00eat l\u00e9gitime.<\/p>\n\n\n\n<p><strong><strong><strong>Comment pouvez-vous emp\u00eacher la collecte de donn\u00e9es ?<\/strong><\/strong><\/strong><\/p>\n\n\n\n<p>Les donn\u00e9es ne sont conserv\u00e9es que pendant la dur\u00e9e n\u00e9cessaire \u00e0 la r\u00e9alisation de l&rsquo;objectif pour lequel elles ont \u00e9t\u00e9 collect\u00e9es. En cons\u00e9quence, les donn\u00e9es sont supprim\u00e9es \u00e0 la fin de chaque session. L&rsquo;enregistrement des fichiers journaux est indispensable au fonctionnement du site web, vous n&rsquo;avez donc pas la possibilit\u00e9 de vous y opposer.<\/p>\n<\/div>\n\n\n\n<div class=\"wp-block-group is-layout-constrained wp-block-group-is-layout-constrained\">\n<div style=\"height:60px\" aria-hidden=\"true\" class=\"wp-block-spacer\"><\/div>\n\n\n\n<h3 class=\"wp-block-heading\"><strong><strong>4.2 WordPress<\/strong><\/strong><\/h3>\n\n\n\n<p>Notre site web est bas\u00e9 sur la plateforme WordPress, un syst\u00e8me de gestion de contenu d\u00e9velopp\u00e9 par Automatic Inc., 60 29th Street #343, San Francisco, CA 94110, \u00c9tats-Unis. WordPress nous permet de cr\u00e9er, g\u00e9rer et publier du contenu..<\/p>\n\n\n\n<p>Lorsque vous utilisez notre site web bas\u00e9 sur WordPress, diverses donn\u00e9es peuvent \u00eatre collect\u00e9es et enregistr\u00e9es, notamment votre adresse IP, la date et l&rsquo;heure de votre acc\u00e8s, ainsi que des informations sur le navigateur que vous utilisez. Ces donn\u00e9es sont principalement utilis\u00e9es \u00e0 des fins administratives et pour garantir le bon fonctionnement du site web.<\/p>\n\n\n\n<p>Certaines fonctionnalit\u00e9s de WordPress, telles que les commentaires ou les formulaires de contact, peuvent collecter des donn\u00e9es personnelles suppl\u00e9mentaires lorsque vous les utilisez.<\/p>\n\n\n\n<p><strong><strong>G\u00e9n\u00e9rateurs BrainBox<\/strong><\/strong><\/p>\n\n\n\n<p>BrainBox Generatoren est un service de <a href=\"https:\/\/brainbox.swiss\/\">BrainBox Solutions GmbH<\/a> qui permet d&rsquo;identifier tous les services li\u00e9s \u00e0 la protection des donn\u00e9es sur un site web et, entre autres, d&rsquo;aider \u00e0 la r\u00e9daction de la d\u00e9claration de confidentialit\u00e9. Aucune donn\u00e9e \u00e0 caract\u00e8re personnel n&rsquo;est collect\u00e9e ou trait\u00e9e dans ce cadre.<\/p>\n<\/div>\n<\/div>\n<\/section>\n","protected":false},"excerpt":{"rendered":"<p>Politique de confidentialit\u00e9 Nous accordons une grande importance \u00e0 la transparence dans le traitement des donn\u00e9es personnelles. La pr\u00e9sente d\u00e9claration de confidentialit\u00e9 fournit des informations sur les donn\u00e9es personnelles que nous collectons, les finalit\u00e9s pour lesquelles nous les collectons et les personnes auxquelles nous les transmettons. 1. Les services que nous utilisons WordPress 2. Coordonn\u00e9es [&hellip;]<\/p>\n","protected":false},"author":1,"featured_media":0,"parent":0,"menu_order":20,"comment_status":"closed","ping_status":"open","template":"","meta":{"_acf_changed":false,"footnotes":""},"class_list":["post-1362","page","type-page","status-publish","hentry"],"acf":{"seo-indexing-option":true,"seo-og-title":"D\u00e9claration de confidentialit\u00e9 pikkerton Suisse","seo-meta-description":"D\u00e9claration d\u00e9taill\u00e9e relative \u00e0 la protection des donn\u00e9es de pikkerton Schweiz AG","seo-og-image":""},"_links":{"self":[{"href":"https:\/\/staging.pikkerton.ch\/fr\/wp-json\/wp\/v2\/pages\/1362","targetHints":{"allow":["GET"]}}],"collection":[{"href":"https:\/\/staging.pikkerton.ch\/fr\/wp-json\/wp\/v2\/pages"}],"about":[{"href":"https:\/\/staging.pikkerton.ch\/fr\/wp-json\/wp\/v2\/types\/page"}],"author":[{"embeddable":true,"href":"https:\/\/staging.pikkerton.ch\/fr\/wp-json\/wp\/v2\/users\/1"}],"replies":[{"embeddable":true,"href":"https:\/\/staging.pikkerton.ch\/fr\/wp-json\/wp\/v2\/comments?post=1362"}],"version-history":[{"count":4,"href":"https:\/\/staging.pikkerton.ch\/fr\/wp-json\/wp\/v2\/pages\/1362\/revisions"}],"predecessor-version":[{"id":1556,"href":"https:\/\/staging.pikkerton.ch\/fr\/wp-json\/wp\/v2\/pages\/1362\/revisions\/1556"}],"wp:attachment":[{"href":"https:\/\/staging.pikkerton.ch\/fr\/wp-json\/wp\/v2\/media?parent=1362"}],"curies":[{"name":"wp","href":"https:\/\/api.w.org\/{rel}","templated":true}]}}